{"id":11068,"date":"2024-08-02T12:28:58","date_gmt":"2024-08-02T10:28:58","guid":{"rendered":"https:\/\/dev.hoinka.com\/bafa-module-4-energy-related-optimization\/"},"modified":"2026-04-27T15:05:47","modified_gmt":"2026-04-27T13:05:47","slug":"bafa-module-4-energy-related-optimization","status":"publish","type":"page","link":"https:\/\/dev.hoinka.com\/en\/leistungen\/bafa-funding\/bafa-module-4-energy-related-optimization\/","title":{"rendered":"BAFA Module 4: Energy-related optimization"},"content":{"rendered":"<h2 style=\"text-align: center;\">Einsparungen durch Prozessoptimierung<\/h2>\n<div class=\"columns-shortcode row gutter-md top-xs\"><div class=\"su-spacer\" style=\"height:20px\"><\/div>\n<div class=\"flex-entry col col-xs-12 col-sm\"><p><img loading=\"lazy\" decoding=\"async\" class=\"alignleft wp-image-12944\" src=\"https:\/\/dev.hoinka.com\/wp-content\/uploads\/EnergiebezogeneOptimierung.png\" alt=\"BAFA F\u00f6rderung Energiebezogene Optimierung\" width=\"1505\" height=\"1505\" srcset=\"https:\/\/dev.hoinka.com\/wp-content\/uploads\/EnergiebezogeneOptimierung.png 2160w, https:\/\/dev.hoinka.com\/wp-content\/uploads\/EnergiebezogeneOptimierung-300x300.png 300w, https:\/\/dev.hoinka.com\/wp-content\/uploads\/EnergiebezogeneOptimierung-1024x1024.png 1024w, https:\/\/dev.hoinka.com\/wp-content\/uploads\/EnergiebezogeneOptimierung-150x150.png 150w, https:\/\/dev.hoinka.com\/wp-content\/uploads\/EnergiebezogeneOptimierung-768x768.png 768w, https:\/\/dev.hoinka.com\/wp-content\/uploads\/EnergiebezogeneOptimierung-1200x1200.png 1200w, https:\/\/dev.hoinka.com\/wp-content\/uploads\/EnergiebezogeneOptimierung-80x80.png 80w\" sizes=\"auto, (max-width: 1505px) 100vw, 1505px\" \/><\/p>\n<\/div>\n<div class=\"flex-entry col col-xs-12 col-sm\"><div class=\"su-spacer\" style=\"height:20px\"><\/div>\n<p>Prozesse und Anlagen bieten ein gro\u00dfes Potential f\u00fcr Einsparungen.<br \/>\nDas BAFA f\u00f6rdert im Modul 4 die Umsetzung von Ma\u00dfnahmen zur Prozess- und Anlagenoptimierung.<\/p>\n<h3>Was wird in <em>Modul 4: Energie- und ressourcenbezogene Optimierung von Anlagen und Prozessen<\/em> vom BAFA gef\u00f6rdert?<\/h3>\n<p>Im Rahmen von Modul 4 werden Investitionen und Ma\u00dfnahmen gef\u00f6rdert, die nachweislich zur energetischen und ressourcenorientierten Optimierung von industriellen und gewerblichen Anlagen und Prozessen beitragen.<\/p>\n<p>Zudem sollten durch die Optimierung folgende Ver\u00e4nderungen in Unternehmen unterst\u00fctzt werden:<\/p>\n<ul>\n<li>Erh\u00f6hung der Energie- und Ressourceneffizienz,<\/li>\n<li>Senkung des fossilen Energieverbrauchs,<\/li>\n<li>Vermeidung CO2-intensiver Ressourcen.<\/li>\n<\/ul>\n<\/div>\n<\/div>\n<p>Die Ma\u00dfnahmen m\u00fcssen au\u00dferdem kompatibel mit dem Ziel der Treibhausgasneutralit\u00e4t 2045 sein und keine Lock-In-Effekte in Bezug auf fossile Technologien verursachen. Die Amortisationszeit des gesamten Vorhabens muss zudem ohne Inanspruchnahme einer F\u00f6rderung insgesamt mindestens 3 Jahre betragen.<\/p>\n<p>Die F\u00f6rderung ist technologieoffen und kann auch die in den Modulen 1 und 3 genannten Ma\u00dfnahmen umfassen.<\/p>\n<h3>F\u00f6rderf\u00e4hige Investitionskosten<\/h3>\n<ul>\n<li>Prozess- und Verfahrensumstellungen mit dem Ziel der Energie- und Ressourceneinsparung (insbesondere Optimierung von Produktionsprozessen),<\/li>\n<li>Ma\u00dfnahmen zur Nutzung von Abw\u00e4rme aus Prozessen (z.B. Einbindung der Abw\u00e4rme zur Bereitstellung von W\u00e4rme, Einspeisung in W\u00e4rmenetze, Verstromung von Abw\u00e4rme),<\/li>\n<li>Ma\u00dfnahmen an Anlagen zur W\u00e4rmeversorgung, K\u00fchlung und Bel\u00fcftung (sofern eindeutig f\u00fcr Prozesse zur Herstellung\/Weiterverarbeitung\/Veredelung von Produkten eingesetzt),<\/li>\n<li>Ma\u00dfnahmen zur energieeffizienten Bereitstellung von Prozessw\u00e4rme\/-k\u00e4lte,<\/li>\n<li>Ma\u00dfnahmen zur Reduktion\/Vermeidung von Energie- und Ressourcenverlusten im Produktionsprozess (z.B. D\u00e4mmung, hydraulische Optimierung, Vermeidung von Produktionsabf\u00e4llen),<\/li>\n<li>Aufwendungen f\u00fcr die Erstellung eines Einsparkonzepts,<\/li>\n<li>Umsetzungsbegleitung der gef\u00f6rderten Investitionsma\u00dfnahme durch externe Energieberater.<\/li>\n<\/ul>\n<p>Ma\u00dfnahmen, die nicht eindeutig und \u00fcberwiegend einem Prozess zugeordnet werden k\u00f6nnen oder in den Anwendungsbereich des GEG fallen, sind nicht f\u00f6rderf\u00e4hig.<\/p>\n<h3>Investitionsvolumen &amp; F\u00f6rderh\u00f6he<\/h3>\n<ul>\n<li>Maximale F\u00f6rderung: 15 Millionen Euro pro Investitionsvorhaben<\/li>\n<li>F\u00f6rderquote: bis zu 50 Prozent der f\u00f6rderf\u00e4higen Investitionskosten<\/li>\n<li>F\u00f6rdereffizienz: max. F\u00f6rderung von 500 Euro (900 Euro f\u00fcr kleine und mittlere Unternehmen) pro j\u00e4hrlich eingesparte Tonne CO2<\/li>\n<\/ul>\n<h3>Technische Anforderungen<\/h3>\n<p>F\u00fcr die F\u00f6rderung von Ma\u00dfnahmen im Rahmen von Modul 4 ist dem BAFA bei Antragstellung ein von einem Energieberater erstelltes Einsparkonzept vorzulegen. F\u00fcr die Erstellung ist verpflichtend das vom BAFA zur Verf\u00fcgung gestellte Formular zu verwenden. Ein Merkblatt mit den genauen Anforderungen an das Einsparkonzept, den Energieberater und weiteren Informationen ist auf der <a href=\"https:\/\/www.bafa.de\/DE\/Energie\/Energieeffizienz\/Energieeffizienz_und_Prozesswaerme\/Modul4_Energiebezogene_Optimierung_Basisfoerderung\/modul4_energiebezogene_optimierung_basisfoerderung_node.html\">Webseite des BAFA<\/a> zum Download verf\u00fcgbar.<\/p>\n<h1><strong>BAFA Modul 4: Energiebezogene Optimierung<\/strong><\/h1>\n<p>Wir unterst\u00fctzen Sie bei der Umsetzung von Ma\u00dfnahmen zur Optimierung von Anlagen und Prozessen, durch die in Ihrem Unternehmen Energie und Ressourcen eingespart werden.<\/p>\n<p class=\"buttonpopup\" style=\"text-align: center;\">\t<a class=\"paoc-popup-click paoc-popup-cust-6251 paoc-popup-button paoc-popup-btn \" href=\"javascript:void(0);\">Angebot anfordern<\/a>\r\n\n<p style=\"text-align: center;\">Telefon\u00a0\u00a0<a class=\"\" href=\"tel:+49 711 62049-340\">+49 711 62049-340<\/a><br \/>\nEmail <a class=\"\" href=\"mailto:info@hoinka.com\">info@hoinka.com<\/a><\/p>\n","protected":false},"excerpt":{"rendered":"<p>Einsparungen durch Prozessoptimierung Die Ma\u00dfnahmen m\u00fcssen au\u00dferdem kompatibel mit dem Ziel der Treibhausgasneutralit\u00e4t 2045 sein und keine Lock-In-Effekte in Bezug auf fossile Technologien verursachen. Die Amortisationszeit des gesamten Vorhabens muss zudem ohne Inanspruchnahme einer F\u00f6rderung insgesamt mindestens 3 Jahre betragen. Die F\u00f6rderung ist technologieoffen und kann auch die in den Modulen 1 und 3 genannten &hellip;<\/p>\n","protected":false},"author":2,"featured_media":12945,"parent":11076,"menu_order":40,"comment_status":"closed","ping_status":"closed","template":"sections.php","meta":{"_acf_changed":false,"_genesis_hide_title":false,"_genesis_hide_breadcrumbs":false,"_genesis_hide_singular_image":false,"_genesis_hide_footer_widgets":false,"_genesis_custom_body_class":"","_genesis_custom_post_class":"","_genesis_layout":"","footnotes":"","_links_to":"","_links_to_target":""},"class_list":{"0":"post-11068","1":"page","2":"type-page","3":"status-publish","4":"has-post-thumbnail","6":"entry"},"acf":[],"yoast_head":"<!-- This site is optimized with the Yoast SEO plugin v27.4 - https:\/\/yoast.com\/product\/yoast-seo-wordpress\/ -->\n<title>BAFA Module 4: Energy-related optimization &#8211; HOINKA<\/title>\n<meta name=\"description\" content=\"BAFA Module 4: Energy-related optimization - We provide support for measures to optimize processes to save energy.\" \/>\n<meta name=\"robots\" content=\"noindex, follow, max-snippet:-1, max-image-preview:large, max-video-preview:-1\" \/>\n<meta property=\"og:locale\" content=\"en_US\" \/>\n<meta property=\"og:type\" content=\"article\" \/>\n<meta property=\"og:title\" content=\"BAFA Module 4: Energy-related optimization &#8211; HOINKA\" \/>\n<meta property=\"og:description\" content=\"BAFA Module 4: Energy-related optimization - We provide support for measures to optimize processes to save energy.\" \/>\n<meta property=\"og:url\" content=\"https:\/\/dev.hoinka.com\/en\/leistungen\/bafa-funding\/bafa-module-4-energy-related-optimization\/\" \/>\n<meta property=\"og:site_name\" content=\"HOINKA\" \/>\n<meta property=\"article:publisher\" content=\"https:\/\/de-de.facebook.com\/pages\/category\/Consulting-Agency\/HOINKA-GmbH-202893899755765\/\" \/>\n<meta property=\"article:modified_time\" content=\"2026-04-27T13:05:47+00:00\" \/>\n<meta property=\"og:image\" content=\"https:\/\/dev.hoinka.com\/wp-content\/uploads\/EnergiebezogeneOptimierung.png\" \/>\n\t<meta property=\"og:image:width\" content=\"2160\" \/>\n\t<meta property=\"og:image:height\" content=\"2160\" \/>\n\t<meta property=\"og:image:type\" content=\"image\/png\" \/>\n<meta name=\"twitter:card\" content=\"summary_large_image\" \/>\n<meta name=\"twitter:label1\" content=\"Est. reading time\" \/>\n\t<meta name=\"twitter:data1\" content=\"2 minutes\" \/>\n<script type=\"application\/ld+json\" class=\"yoast-schema-graph\">{\"@context\":\"https:\\\/\\\/schema.org\",\"@graph\":[{\"@type\":\"WebPage\",\"@id\":\"https:\\\/\\\/dev.hoinka.com\\\/en\\\/leistungen\\\/bafa-funding\\\/bafa-module-4-energy-related-optimization\\\/\",\"url\":\"https:\\\/\\\/dev.hoinka.com\\\/en\\\/leistungen\\\/bafa-funding\\\/bafa-module-4-energy-related-optimization\\\/\",\"name\":\"BAFA Module 4: Energy-related optimization &#8211; HOINKA\",\"isPartOf\":{\"@id\":\"https:\\\/\\\/dev.hoinka.com\\\/en\\\/#website\"},\"primaryImageOfPage\":{\"@id\":\"https:\\\/\\\/dev.hoinka.com\\\/en\\\/leistungen\\\/bafa-funding\\\/bafa-module-4-energy-related-optimization\\\/#primaryimage\"},\"image\":{\"@id\":\"https:\\\/\\\/dev.hoinka.com\\\/en\\\/leistungen\\\/bafa-funding\\\/bafa-module-4-energy-related-optimization\\\/#primaryimage\"},\"thumbnailUrl\":\"https:\\\/\\\/dev.hoinka.com\\\/wp-content\\\/uploads\\\/EnergiebezogeneOptimierung.png\",\"datePublished\":\"2024-08-02T10:28:58+00:00\",\"dateModified\":\"2026-04-27T13:05:47+00:00\",\"description\":\"BAFA Module 4: Energy-related optimization - We provide support for measures to optimize processes to save energy.\",\"breadcrumb\":{\"@id\":\"https:\\\/\\\/dev.hoinka.com\\\/en\\\/leistungen\\\/bafa-funding\\\/bafa-module-4-energy-related-optimization\\\/#breadcrumb\"},\"inLanguage\":\"en-US\",\"potentialAction\":[{\"@type\":\"ReadAction\",\"target\":[\"https:\\\/\\\/dev.hoinka.com\\\/en\\\/leistungen\\\/bafa-funding\\\/bafa-module-4-energy-related-optimization\\\/\"]}]},{\"@type\":\"ImageObject\",\"inLanguage\":\"en-US\",\"@id\":\"https:\\\/\\\/dev.hoinka.com\\\/en\\\/leistungen\\\/bafa-funding\\\/bafa-module-4-energy-related-optimization\\\/#primaryimage\",\"url\":\"https:\\\/\\\/dev.hoinka.com\\\/wp-content\\\/uploads\\\/EnergiebezogeneOptimierung.png\",\"contentUrl\":\"https:\\\/\\\/dev.hoinka.com\\\/wp-content\\\/uploads\\\/EnergiebezogeneOptimierung.png\",\"width\":2160,\"height\":2160,\"caption\":\"BAFA F\u00f6rderung Energiebezogene Optimierung\"},{\"@type\":\"BreadcrumbList\",\"@id\":\"https:\\\/\\\/dev.hoinka.com\\\/en\\\/leistungen\\\/bafa-funding\\\/bafa-module-4-energy-related-optimization\\\/#breadcrumb\",\"itemListElement\":[{\"@type\":\"ListItem\",\"position\":1,\"name\":\"Home\",\"item\":\"https:\\\/\\\/dev.hoinka.com\\\/en\\\/\"},{\"@type\":\"ListItem\",\"position\":2,\"name\":\"Services\",\"item\":\"https:\\\/\\\/dev.hoinka.com\\\/en\\\/leistungen\\\/\"},{\"@type\":\"ListItem\",\"position\":3,\"name\":\"BAFA funding\",\"item\":\"https:\\\/\\\/dev.hoinka.com\\\/en\\\/leistungen\\\/bafa-funding\\\/\"},{\"@type\":\"ListItem\",\"position\":4,\"name\":\"BAFA Module 4: Energy-related optimization\"}]},{\"@type\":\"WebSite\",\"@id\":\"https:\\\/\\\/dev.hoinka.com\\\/en\\\/#website\",\"url\":\"https:\\\/\\\/dev.hoinka.com\\\/en\\\/\",\"name\":\"HOINKA\",\"description\":\"Sustainable Planning - Green Building\",\"publisher\":{\"@id\":\"https:\\\/\\\/dev.hoinka.com\\\/en\\\/#organization\"},\"potentialAction\":[{\"@type\":\"SearchAction\",\"target\":{\"@type\":\"EntryPoint\",\"urlTemplate\":\"https:\\\/\\\/dev.hoinka.com\\\/en\\\/?s={search_term_string}\"},\"query-input\":{\"@type\":\"PropertyValueSpecification\",\"valueRequired\":true,\"valueName\":\"search_term_string\"}}],\"inLanguage\":\"en-US\"},{\"@type\":\"Organization\",\"@id\":\"https:\\\/\\\/dev.hoinka.com\\\/en\\\/#organization\",\"name\":\"HOINKA\",\"url\":\"https:\\\/\\\/dev.hoinka.com\\\/en\\\/\",\"logo\":{\"@type\":\"ImageObject\",\"inLanguage\":\"en-US\",\"@id\":\"https:\\\/\\\/dev.hoinka.com\\\/en\\\/#\\\/schema\\\/logo\\\/image\\\/\",\"url\":\"https:\\\/\\\/dev.hoinka.com\\\/wp-content\\\/uploads\\\/logo_hoinka_sm.jpg\",\"contentUrl\":\"https:\\\/\\\/dev.hoinka.com\\\/wp-content\\\/uploads\\\/logo_hoinka_sm.jpg\",\"width\":450,\"height\":92,\"caption\":\"HOINKA\"},\"image\":{\"@id\":\"https:\\\/\\\/dev.hoinka.com\\\/en\\\/#\\\/schema\\\/logo\\\/image\\\/\"},\"sameAs\":[\"https:\\\/\\\/de-de.facebook.com\\\/pages\\\/category\\\/Consulting-Agency\\\/HOINKA-GmbH-202893899755765\\\/\",\"https:\\\/\\\/www.linkedin.com\\\/company\\\/hoinka-gmbh?originalSubdomain=de\"]}]}<\/script>\n<!-- \/ Yoast SEO plugin. -->","yoast_head_json":{"title":"BAFA Module 4: Energy-related optimization &#8211; HOINKA","description":"BAFA Module 4: Energy-related optimization - We provide support for measures to optimize processes to save energy.","robots":{"index":"noindex","follow":"follow","max-snippet":"max-snippet:-1","max-image-preview":"max-image-preview:large","max-video-preview":"max-video-preview:-1"},"og_locale":"en_US","og_type":"article","og_title":"BAFA Module 4: Energy-related optimization &#8211; HOINKA","og_description":"BAFA Module 4: Energy-related optimization - We provide support for measures to optimize processes to save energy.","og_url":"https:\/\/dev.hoinka.com\/en\/leistungen\/bafa-funding\/bafa-module-4-energy-related-optimization\/","og_site_name":"HOINKA","article_publisher":"https:\/\/de-de.facebook.com\/pages\/category\/Consulting-Agency\/HOINKA-GmbH-202893899755765\/","article_modified_time":"2026-04-27T13:05:47+00:00","og_image":[{"width":2160,"height":2160,"url":"https:\/\/dev.hoinka.com\/wp-content\/uploads\/EnergiebezogeneOptimierung.png","type":"image\/png"}],"twitter_card":"summary_large_image","twitter_misc":{"Est. reading time":"2 minutes"},"schema":{"@context":"https:\/\/schema.org","@graph":[{"@type":"WebPage","@id":"https:\/\/dev.hoinka.com\/en\/leistungen\/bafa-funding\/bafa-module-4-energy-related-optimization\/","url":"https:\/\/dev.hoinka.com\/en\/leistungen\/bafa-funding\/bafa-module-4-energy-related-optimization\/","name":"BAFA Module 4: Energy-related optimization &#8211; HOINKA","isPartOf":{"@id":"https:\/\/dev.hoinka.com\/en\/#website"},"primaryImageOfPage":{"@id":"https:\/\/dev.hoinka.com\/en\/leistungen\/bafa-funding\/bafa-module-4-energy-related-optimization\/#primaryimage"},"image":{"@id":"https:\/\/dev.hoinka.com\/en\/leistungen\/bafa-funding\/bafa-module-4-energy-related-optimization\/#primaryimage"},"thumbnailUrl":"https:\/\/dev.hoinka.com\/wp-content\/uploads\/EnergiebezogeneOptimierung.png","datePublished":"2024-08-02T10:28:58+00:00","dateModified":"2026-04-27T13:05:47+00:00","description":"BAFA Module 4: Energy-related optimization - We provide support for measures to optimize processes to save energy.","breadcrumb":{"@id":"https:\/\/dev.hoinka.com\/en\/leistungen\/bafa-funding\/bafa-module-4-energy-related-optimization\/#breadcrumb"},"inLanguage":"en-US","potentialAction":[{"@type":"ReadAction","target":["https:\/\/dev.hoinka.com\/en\/leistungen\/bafa-funding\/bafa-module-4-energy-related-optimization\/"]}]},{"@type":"ImageObject","inLanguage":"en-US","@id":"https:\/\/dev.hoinka.com\/en\/leistungen\/bafa-funding\/bafa-module-4-energy-related-optimization\/#primaryimage","url":"https:\/\/dev.hoinka.com\/wp-content\/uploads\/EnergiebezogeneOptimierung.png","contentUrl":"https:\/\/dev.hoinka.com\/wp-content\/uploads\/EnergiebezogeneOptimierung.png","width":2160,"height":2160,"caption":"BAFA F\u00f6rderung Energiebezogene Optimierung"},{"@type":"BreadcrumbList","@id":"https:\/\/dev.hoinka.com\/en\/leistungen\/bafa-funding\/bafa-module-4-energy-related-optimization\/#breadcrumb","itemListElement":[{"@type":"ListItem","position":1,"name":"Home","item":"https:\/\/dev.hoinka.com\/en\/"},{"@type":"ListItem","position":2,"name":"Services","item":"https:\/\/dev.hoinka.com\/en\/leistungen\/"},{"@type":"ListItem","position":3,"name":"BAFA funding","item":"https:\/\/dev.hoinka.com\/en\/leistungen\/bafa-funding\/"},{"@type":"ListItem","position":4,"name":"BAFA Module 4: Energy-related optimization"}]},{"@type":"WebSite","@id":"https:\/\/dev.hoinka.com\/en\/#website","url":"https:\/\/dev.hoinka.com\/en\/","name":"HOINKA","description":"Sustainable Planning - Green Building","publisher":{"@id":"https:\/\/dev.hoinka.com\/en\/#organization"},"potentialAction":[{"@type":"SearchAction","target":{"@type":"EntryPoint","urlTemplate":"https:\/\/dev.hoinka.com\/en\/?s={search_term_string}"},"query-input":{"@type":"PropertyValueSpecification","valueRequired":true,"valueName":"search_term_string"}}],"inLanguage":"en-US"},{"@type":"Organization","@id":"https:\/\/dev.hoinka.com\/en\/#organization","name":"HOINKA","url":"https:\/\/dev.hoinka.com\/en\/","logo":{"@type":"ImageObject","inLanguage":"en-US","@id":"https:\/\/dev.hoinka.com\/en\/#\/schema\/logo\/image\/","url":"https:\/\/dev.hoinka.com\/wp-content\/uploads\/logo_hoinka_sm.jpg","contentUrl":"https:\/\/dev.hoinka.com\/wp-content\/uploads\/logo_hoinka_sm.jpg","width":450,"height":92,"caption":"HOINKA"},"image":{"@id":"https:\/\/dev.hoinka.com\/en\/#\/schema\/logo\/image\/"},"sameAs":["https:\/\/de-de.facebook.com\/pages\/category\/Consulting-Agency\/HOINKA-GmbH-202893899755765\/","https:\/\/www.linkedin.com\/company\/hoinka-gmbh?originalSubdomain=de"]}]}},"_links":{"self":[{"href":"https:\/\/dev.hoinka.com\/en\/wp-json\/wp\/v2\/pages\/11068","targetHints":{"allow":["GET"]}}],"collection":[{"href":"https:\/\/dev.hoinka.com\/en\/wp-json\/wp\/v2\/pages"}],"about":[{"href":"https:\/\/dev.hoinka.com\/en\/wp-json\/wp\/v2\/types\/page"}],"author":[{"embeddable":true,"href":"https:\/\/dev.hoinka.com\/en\/wp-json\/wp\/v2\/users\/2"}],"replies":[{"embeddable":true,"href":"https:\/\/dev.hoinka.com\/en\/wp-json\/wp\/v2\/comments?post=11068"}],"version-history":[{"count":9,"href":"https:\/\/dev.hoinka.com\/en\/wp-json\/wp\/v2\/pages\/11068\/revisions"}],"predecessor-version":[{"id":16053,"href":"https:\/\/dev.hoinka.com\/en\/wp-json\/wp\/v2\/pages\/11068\/revisions\/16053"}],"up":[{"embeddable":true,"href":"https:\/\/dev.hoinka.com\/en\/wp-json\/wp\/v2\/pages\/11076"}],"wp:featuredmedia":[{"embeddable":true,"href":"https:\/\/dev.hoinka.com\/en\/wp-json\/wp\/v2\/media\/12945"}],"wp:attachment":[{"href":"https:\/\/dev.hoinka.com\/en\/wp-json\/wp\/v2\/media?parent=11068"}],"curies":[{"name":"wp","href":"https:\/\/api.w.org\/{rel}","templated":true}]}}