{"id":11071,"date":"2024-08-02T12:30:16","date_gmt":"2024-08-02T10:30:16","guid":{"rendered":"https:\/\/dev.hoinka.com\/bafa-module-2-process-heat\/"},"modified":"2025-04-04T16:40:19","modified_gmt":"2025-04-04T14:40:19","slug":"bafa-module-2-process-heat","status":"publish","type":"page","link":"https:\/\/dev.hoinka.com\/en\/leistungen\/bafa-funding\/bafa-module-2-process-heat\/","title":{"rendered":"BAFA Module 2: Process heat"},"content":{"rendered":"<h1><strong>BAFA Modul 2: Prozessw\u00e4rme aus erneuerbaren Energien<\/strong><\/h1>\n<p>Wir unterst\u00fctzen Sie beim Umstieg auf erneuerbare Energiequellen f\u00fcr die Prozessw\u00e4rmebereitstellung.<\/p>\n\t<a class=\"paoc-popup-click paoc-popup-cust-6225 paoc-popup-button paoc-popup-btn \" href=\"javascript:void(0);\">Kontaktieren Sie uns<\/a>\r\n\n<hr \/>\n<h2 style=\"text-align: center;\">Prozessw\u00e4rme aus erneuerbaren Energien nutzen und Energie einsparen<\/h2>\n<p>Prozessw\u00e4rme wird f\u00fcr zahlreiche technische Prozesse und Verfahren ben\u00f6tigt. In vielen Bereichen eignen sich erneuerbare Energien zur Bereitstellung der Prozessw\u00e4rme. Die Nutzung von und den Umstieg auf diese erneuerbaren Energiequellen unterst\u00fctzt das BAFA im Modul 2 der F\u00f6rderung.<\/p>\n<h3>Was wird in <em>Modul 2: Prozessw\u00e4rme aus Erneuerbaren Energien<\/em> vom BAFA gef\u00f6rdert?<\/h3>\n<p>Modul 2 der BAFA-F\u00f6rderung f\u00fcr Energie- und Ressourceneffizienz in der Wirtschaft f\u00f6rdert Ma\u00dfnahmen zur Prozessw\u00e4rmebereitstellung aus <strong>Solarkollektoranlagen, Biomasse-Anlagen und W\u00e4rmepumpen<\/strong>, sofern diese erneuerbare Energiequellen (Art. 2 Abs. 110 AGVO) als W\u00e4rmereservoir nutzen. Auch KWK-Anlagen, die auf diesen Technologien basieren, k\u00f6nnen bezuschusst werden. In allen F\u00e4llen muss die gewonnene W\u00e4rme zu \u00fcber 50 % f\u00fcr Herstellungs-, Weiterverarbeitungs- oder Veredelungsprozessen von Produkten oder zur Erbringung von Dienstleistungen verwendet wird. Es werden sowohl Investitionskosten als auch Nebenkosten bezuschusst.<\/p>\n<h3>F\u00f6rderf\u00e4hige Investitionskosten<\/h3>\n<p>Gef\u00f6rdert werden neben verschiedenen W\u00e4rmeerzeugern au\u00dferdem folgende Investitionen und Ma\u00dfnahmen:<\/p>\n<ul>\n<li>W\u00e4rmespeicher f\u00fcr beantragte W\u00e4rmeerzeuger,<\/li>\n<li>Anbindung der beantragten W\u00e4rmeerzeuger an die W\u00e4rmesenken,<\/li>\n<li>Anbindung einer W\u00e4rmepumpe an erneuerbare W\u00e4rmequellen,<\/li>\n<li>Aufst\u00e4nderung und Unterkonstruktion f\u00fcr Solarkollektoren,<\/li>\n<li>notwendige Bauma\u00dfnahmen zur Aufstellung\/Einrichtung der Biomasseanlage oder W\u00e4rmepumpe,<\/li>\n<li>Mess- und Datenerfassungseinrichtungen zur Ertrags\u00fcberwachung und Fehlererkennung.<\/li>\n<\/ul>\n<h3>F\u00f6rderf\u00e4hige Nebenkosten<\/h3>\n<ul>\n<li>Installations- und Montagekosten,<\/li>\n<li>Machbarkeitsabsch\u00e4tzungen\/Planungen zur Umsetzung einer beantragten Ma\u00dfnahme.<\/li>\n<\/ul>\n<p>Nicht gef\u00f6rdert werden Investitionen in erg\u00e4nzende W\u00e4rmeerzeuger auf Basis fossiler Energietr\u00e4ger, Kosten f\u00fcr Versicherungen, Gutachten, Pr\u00fcfungen und Genehmigungen und Ma\u00dfnahmen f\u00fcr erforderliche Verbesserungen der Statik am\/im Geb\u00e4ude.<\/p>\n<h3>Investitionsvolumen &amp; F\u00f6rderh\u00f6he<\/h3>\n<ul>\n<li>Maximale F\u00f6rderung: 15 Millionen Euro pro Investitionsvorhaben<\/li>\n<li>F\u00f6rderquote: bis zu 55 % der f\u00f6rderf\u00e4higen Investitionskosten<\/li>\n<\/ul>\n<h3>Technische Anforderungen<\/h3>\n<p>Speziell f\u00fcr die F\u00f6rderung von Prozessw\u00e4rme ist f\u00fcr jede beantragte Anlage das vollst\u00e4ndig ausgef\u00fcllte Datenerfassungsblatt, das individuelle, hydraulische Anlagenschema sowie ein Angebot einzureichen. F\u00fcr Solarkollektoranlagen kann zus\u00e4tzlich die Jahressimulation eingereicht werden. F\u00fcr W\u00e4rmepumpen bzw. Biomasseanlagen muss gegebenenfalls zus\u00e4tzlich ein g\u00fcltiges europ\u00e4isches Baureihenzertifikat bzw. ein Herstellernachweis eingereicht werden. Ein Merkblatt mit den genauen technischen Anforderungen f\u00fcr die einzelnen Anlagen und weiteren Informationen ist auf der <a href=\"https:\/\/www.bafa.de\/DE\/Energie\/Energieeffizienz\/Energieeffizienz_und_Prozesswaerme\/Modul2_Prozesswaerme\/modul2_prozesswaerme_node.html\">Webseite des BAFA<\/a> zum Download verf\u00fcgbar.<\/p>\n<p class=\"buttonpopup\" style=\"text-align: center;\">\t<a class=\"paoc-popup-click paoc-popup-cust-6251 paoc-popup-button paoc-popup-btn \" href=\"javascript:void(0);\">Angebot anfordern<\/a>\r\n\n<p style=\"text-align: center;\">Telefon\u00a0\u00a0<a class=\"\" href=\"tel:+49 711 62049-340\">+49 711 62049-340<\/a><br \/>\nEmail <a class=\"\" href=\"mailto:info@hoinka.com\">info@hoinka.com<\/a><\/p>\n","protected":false},"excerpt":{"rendered":"<p>BAFA Modul 2: Prozessw\u00e4rme aus erneuerbaren Energien Wir unterst\u00fctzen Sie beim Umstieg auf erneuerbare Energiequellen f\u00fcr die Prozessw\u00e4rmebereitstellung. Prozessw\u00e4rme aus erneuerbaren Energien nutzen und Energie einsparen Prozessw\u00e4rme wird f\u00fcr zahlreiche technische Prozesse und Verfahren ben\u00f6tigt. In vielen Bereichen eignen sich erneuerbare Energien zur Bereitstellung der Prozessw\u00e4rme. Die Nutzung von und den Umstieg auf diese erneuerbaren &hellip;<\/p>\n","protected":false},"author":2,"featured_media":13156,"parent":11076,"menu_order":20,"comment_status":"closed","ping_status":"closed","template":"sections.php","meta":{"_acf_changed":false,"_genesis_hide_title":false,"_genesis_hide_breadcrumbs":false,"_genesis_hide_singular_image":false,"_genesis_hide_footer_widgets":false,"_genesis_custom_body_class":"","_genesis_custom_post_class":"","_genesis_layout":"","footnotes":"","_links_to":"","_links_to_target":""},"class_list":{"0":"post-11071","1":"page","2":"type-page","3":"status-publish","4":"has-post-thumbnail","6":"entry"},"acf":[],"yoast_head":"<!-- This site is optimized with the Yoast SEO plugin v27.0 - https:\/\/yoast.com\/product\/yoast-seo-wordpress\/ -->\n<title>BAFA Module 2: Process heat &#8211; HOINKA<\/title>\n<meta name=\"description\" content=\"BAFA Module 2: Process heat from renewable energies - We support you in switching to renewable energy sources for process heat.\" \/>\n<meta name=\"robots\" content=\"noindex, follow, max-snippet:-1, max-image-preview:large, max-video-preview:-1\" \/>\n<meta property=\"og:locale\" content=\"en_US\" \/>\n<meta property=\"og:type\" content=\"article\" \/>\n<meta property=\"og:title\" content=\"BAFA Module 2: Process heat &#8211; HOINKA\" \/>\n<meta property=\"og:description\" content=\"BAFA Module 2: Process heat from renewable energies - We support you in switching to renewable energy sources for process heat.\" \/>\n<meta property=\"og:url\" content=\"https:\/\/dev.hoinka.com\/en\/leistungen\/bafa-funding\/bafa-module-2-process-heat\/\" \/>\n<meta property=\"og:site_name\" content=\"HOINKA\" \/>\n<meta property=\"article:publisher\" content=\"https:\/\/de-de.facebook.com\/pages\/category\/Consulting-Agency\/HOINKA-GmbH-202893899755765\/\" \/>\n<meta property=\"article:modified_time\" content=\"2025-04-04T14:40:19+00:00\" \/>\n<meta property=\"og:image\" content=\"https:\/\/dev.hoinka.com\/wp-content\/uploads\/Corporate-Sustainability-Reporting-Directive-8-1.png\" \/>\n\t<meta property=\"og:image:width\" content=\"2160\" \/>\n\t<meta property=\"og:image:height\" content=\"2160\" \/>\n\t<meta property=\"og:image:type\" content=\"image\/png\" \/>\n<meta name=\"twitter:card\" content=\"summary_large_image\" \/>\n<meta name=\"twitter:label1\" content=\"Est. reading time\" \/>\n\t<meta name=\"twitter:data1\" content=\"2 minutes\" \/>\n<script type=\"application\/ld+json\" class=\"yoast-schema-graph\">{\"@context\":\"https:\/\/schema.org\",\"@graph\":[{\"@type\":\"WebPage\",\"@id\":\"https:\/\/dev.hoinka.com\/en\/leistungen\/bafa-funding\/bafa-module-2-process-heat\/\",\"url\":\"https:\/\/dev.hoinka.com\/en\/leistungen\/bafa-funding\/bafa-module-2-process-heat\/\",\"name\":\"BAFA Module 2: Process heat &#8211; HOINKA\",\"isPartOf\":{\"@id\":\"https:\/\/dev.hoinka.com\/en\/#website\"},\"primaryImageOfPage\":{\"@id\":\"https:\/\/dev.hoinka.com\/en\/leistungen\/bafa-funding\/bafa-module-2-process-heat\/#primaryimage\"},\"image\":{\"@id\":\"https:\/\/dev.hoinka.com\/en\/leistungen\/bafa-funding\/bafa-module-2-process-heat\/#primaryimage\"},\"thumbnailUrl\":\"https:\/\/dev.hoinka.com\/wp-content\/uploads\/Corporate-Sustainability-Reporting-Directive-8-1.png\",\"datePublished\":\"2024-08-02T10:30:16+00:00\",\"dateModified\":\"2025-04-04T14:40:19+00:00\",\"description\":\"BAFA Module 2: Process heat from renewable energies - We support you in switching to renewable energy sources for process heat.\",\"breadcrumb\":{\"@id\":\"https:\/\/dev.hoinka.com\/en\/leistungen\/bafa-funding\/bafa-module-2-process-heat\/#breadcrumb\"},\"inLanguage\":\"en-US\",\"potentialAction\":[{\"@type\":\"ReadAction\",\"target\":[\"https:\/\/dev.hoinka.com\/en\/leistungen\/bafa-funding\/bafa-module-2-process-heat\/\"]}]},{\"@type\":\"ImageObject\",\"inLanguage\":\"en-US\",\"@id\":\"https:\/\/dev.hoinka.com\/en\/leistungen\/bafa-funding\/bafa-module-2-process-heat\/#primaryimage\",\"url\":\"https:\/\/dev.hoinka.com\/wp-content\/uploads\/Corporate-Sustainability-Reporting-Directive-8-1.png\",\"contentUrl\":\"https:\/\/dev.hoinka.com\/wp-content\/uploads\/Corporate-Sustainability-Reporting-Directive-8-1.png\",\"width\":2160,\"height\":2160,\"caption\":\"BAFA F\u00f6rderung Prozessw\u00e4rme Erneuerbare Energien\"},{\"@type\":\"BreadcrumbList\",\"@id\":\"https:\/\/dev.hoinka.com\/en\/leistungen\/bafa-funding\/bafa-module-2-process-heat\/#breadcrumb\",\"itemListElement\":[{\"@type\":\"ListItem\",\"position\":1,\"name\":\"Home\",\"item\":\"https:\/\/dev.hoinka.com\/en\/\"},{\"@type\":\"ListItem\",\"position\":2,\"name\":\"Services\",\"item\":\"https:\/\/dev.hoinka.com\/en\/leistungen\/\"},{\"@type\":\"ListItem\",\"position\":3,\"name\":\"BAFA funding\",\"item\":\"https:\/\/dev.hoinka.com\/en\/leistungen\/bafa-funding\/\"},{\"@type\":\"ListItem\",\"position\":4,\"name\":\"BAFA Module 2: Process heat\"}]},{\"@type\":\"WebSite\",\"@id\":\"https:\/\/dev.hoinka.com\/en\/#website\",\"url\":\"https:\/\/dev.hoinka.com\/en\/\",\"name\":\"HOINKA\",\"description\":\"Sustainable Planning - Green Building\",\"publisher\":{\"@id\":\"https:\/\/dev.hoinka.com\/en\/#organization\"},\"potentialAction\":[{\"@type\":\"SearchAction\",\"target\":{\"@type\":\"EntryPoint\",\"urlTemplate\":\"https:\/\/dev.hoinka.com\/en\/?s={search_term_string}\"},\"query-input\":{\"@type\":\"PropertyValueSpecification\",\"valueRequired\":true,\"valueName\":\"search_term_string\"}}],\"inLanguage\":\"en-US\"},{\"@type\":\"Organization\",\"@id\":\"https:\/\/dev.hoinka.com\/en\/#organization\",\"name\":\"HOINKA\",\"url\":\"https:\/\/dev.hoinka.com\/en\/\",\"logo\":{\"@type\":\"ImageObject\",\"inLanguage\":\"en-US\",\"@id\":\"https:\/\/dev.hoinka.com\/en\/#\/schema\/logo\/image\/\",\"url\":\"https:\/\/dev.hoinka.com\/wp-content\/uploads\/logo_hoinka_sm.jpg\",\"contentUrl\":\"https:\/\/dev.hoinka.com\/wp-content\/uploads\/logo_hoinka_sm.jpg\",\"width\":450,\"height\":92,\"caption\":\"HOINKA\"},\"image\":{\"@id\":\"https:\/\/dev.hoinka.com\/en\/#\/schema\/logo\/image\/\"},\"sameAs\":[\"https:\/\/de-de.facebook.com\/pages\/category\/Consulting-Agency\/HOINKA-GmbH-202893899755765\/\",\"https:\/\/www.linkedin.com\/company\/hoinka-gmbh?originalSubdomain=de\"]}]}<\/script>\n<!-- \/ Yoast SEO plugin. -->","yoast_head_json":{"title":"BAFA Module 2: Process heat &#8211; HOINKA","description":"BAFA Module 2: Process heat from renewable energies - We support you in switching to renewable energy sources for process heat.","robots":{"index":"noindex","follow":"follow","max-snippet":"max-snippet:-1","max-image-preview":"max-image-preview:large","max-video-preview":"max-video-preview:-1"},"og_locale":"en_US","og_type":"article","og_title":"BAFA Module 2: Process heat &#8211; HOINKA","og_description":"BAFA Module 2: Process heat from renewable energies - We support you in switching to renewable energy sources for process heat.","og_url":"https:\/\/dev.hoinka.com\/en\/leistungen\/bafa-funding\/bafa-module-2-process-heat\/","og_site_name":"HOINKA","article_publisher":"https:\/\/de-de.facebook.com\/pages\/category\/Consulting-Agency\/HOINKA-GmbH-202893899755765\/","article_modified_time":"2025-04-04T14:40:19+00:00","og_image":[{"width":2160,"height":2160,"url":"https:\/\/dev.hoinka.com\/wp-content\/uploads\/Corporate-Sustainability-Reporting-Directive-8-1.png","type":"image\/png"}],"twitter_card":"summary_large_image","twitter_misc":{"Est. reading time":"2 minutes"},"schema":{"@context":"https:\/\/schema.org","@graph":[{"@type":"WebPage","@id":"https:\/\/dev.hoinka.com\/en\/leistungen\/bafa-funding\/bafa-module-2-process-heat\/","url":"https:\/\/dev.hoinka.com\/en\/leistungen\/bafa-funding\/bafa-module-2-process-heat\/","name":"BAFA Module 2: Process heat &#8211; HOINKA","isPartOf":{"@id":"https:\/\/dev.hoinka.com\/en\/#website"},"primaryImageOfPage":{"@id":"https:\/\/dev.hoinka.com\/en\/leistungen\/bafa-funding\/bafa-module-2-process-heat\/#primaryimage"},"image":{"@id":"https:\/\/dev.hoinka.com\/en\/leistungen\/bafa-funding\/bafa-module-2-process-heat\/#primaryimage"},"thumbnailUrl":"https:\/\/dev.hoinka.com\/wp-content\/uploads\/Corporate-Sustainability-Reporting-Directive-8-1.png","datePublished":"2024-08-02T10:30:16+00:00","dateModified":"2025-04-04T14:40:19+00:00","description":"BAFA Module 2: Process heat from renewable energies - We support you in switching to renewable energy sources for process heat.","breadcrumb":{"@id":"https:\/\/dev.hoinka.com\/en\/leistungen\/bafa-funding\/bafa-module-2-process-heat\/#breadcrumb"},"inLanguage":"en-US","potentialAction":[{"@type":"ReadAction","target":["https:\/\/dev.hoinka.com\/en\/leistungen\/bafa-funding\/bafa-module-2-process-heat\/"]}]},{"@type":"ImageObject","inLanguage":"en-US","@id":"https:\/\/dev.hoinka.com\/en\/leistungen\/bafa-funding\/bafa-module-2-process-heat\/#primaryimage","url":"https:\/\/dev.hoinka.com\/wp-content\/uploads\/Corporate-Sustainability-Reporting-Directive-8-1.png","contentUrl":"https:\/\/dev.hoinka.com\/wp-content\/uploads\/Corporate-Sustainability-Reporting-Directive-8-1.png","width":2160,"height":2160,"caption":"BAFA F\u00f6rderung Prozessw\u00e4rme Erneuerbare Energien"},{"@type":"BreadcrumbList","@id":"https:\/\/dev.hoinka.com\/en\/leistungen\/bafa-funding\/bafa-module-2-process-heat\/#breadcrumb","itemListElement":[{"@type":"ListItem","position":1,"name":"Home","item":"https:\/\/dev.hoinka.com\/en\/"},{"@type":"ListItem","position":2,"name":"Services","item":"https:\/\/dev.hoinka.com\/en\/leistungen\/"},{"@type":"ListItem","position":3,"name":"BAFA funding","item":"https:\/\/dev.hoinka.com\/en\/leistungen\/bafa-funding\/"},{"@type":"ListItem","position":4,"name":"BAFA Module 2: Process heat"}]},{"@type":"WebSite","@id":"https:\/\/dev.hoinka.com\/en\/#website","url":"https:\/\/dev.hoinka.com\/en\/","name":"HOINKA","description":"Sustainable Planning - Green Building","publisher":{"@id":"https:\/\/dev.hoinka.com\/en\/#organization"},"potentialAction":[{"@type":"SearchAction","target":{"@type":"EntryPoint","urlTemplate":"https:\/\/dev.hoinka.com\/en\/?s={search_term_string}"},"query-input":{"@type":"PropertyValueSpecification","valueRequired":true,"valueName":"search_term_string"}}],"inLanguage":"en-US"},{"@type":"Organization","@id":"https:\/\/dev.hoinka.com\/en\/#organization","name":"HOINKA","url":"https:\/\/dev.hoinka.com\/en\/","logo":{"@type":"ImageObject","inLanguage":"en-US","@id":"https:\/\/dev.hoinka.com\/en\/#\/schema\/logo\/image\/","url":"https:\/\/dev.hoinka.com\/wp-content\/uploads\/logo_hoinka_sm.jpg","contentUrl":"https:\/\/dev.hoinka.com\/wp-content\/uploads\/logo_hoinka_sm.jpg","width":450,"height":92,"caption":"HOINKA"},"image":{"@id":"https:\/\/dev.hoinka.com\/en\/#\/schema\/logo\/image\/"},"sameAs":["https:\/\/de-de.facebook.com\/pages\/category\/Consulting-Agency\/HOINKA-GmbH-202893899755765\/","https:\/\/www.linkedin.com\/company\/hoinka-gmbh?originalSubdomain=de"]}]}},"_links":{"self":[{"href":"https:\/\/dev.hoinka.com\/en\/wp-json\/wp\/v2\/pages\/11071","targetHints":{"allow":["GET"]}}],"collection":[{"href":"https:\/\/dev.hoinka.com\/en\/wp-json\/wp\/v2\/pages"}],"about":[{"href":"https:\/\/dev.hoinka.com\/en\/wp-json\/wp\/v2\/types\/page"}],"author":[{"embeddable":true,"href":"https:\/\/dev.hoinka.com\/en\/wp-json\/wp\/v2\/users\/2"}],"replies":[{"embeddable":true,"href":"https:\/\/dev.hoinka.com\/en\/wp-json\/wp\/v2\/comments?post=11071"}],"version-history":[{"count":4,"href":"https:\/\/dev.hoinka.com\/en\/wp-json\/wp\/v2\/pages\/11071\/revisions"}],"predecessor-version":[{"id":13158,"href":"https:\/\/dev.hoinka.com\/en\/wp-json\/wp\/v2\/pages\/11071\/revisions\/13158"}],"up":[{"embeddable":true,"href":"https:\/\/dev.hoinka.com\/en\/wp-json\/wp\/v2\/pages\/11076"}],"wp:featuredmedia":[{"embeddable":true,"href":"https:\/\/dev.hoinka.com\/en\/wp-json\/wp\/v2\/media\/13156"}],"wp:attachment":[{"href":"https:\/\/dev.hoinka.com\/en\/wp-json\/wp\/v2\/media?parent=11071"}],"curies":[{"name":"wp","href":"https:\/\/api.w.org\/{rel}","templated":true}]}}