{"id":11076,"date":"2024-08-02T12:32:23","date_gmt":"2024-08-02T10:32:23","guid":{"rendered":"https:\/\/dev.hoinka.com\/leistungen\/bafa-funding\/"},"modified":"2025-04-04T09:43:57","modified_gmt":"2025-04-04T07:43:57","slug":"bafa-funding","status":"publish","type":"page","link":"https:\/\/dev.hoinka.com\/en\/leistungen\/bafa-funding\/","title":{"rendered":"BAFA funding"},"content":{"rendered":"<h1><strong>BAFA funding  <\/strong><\/h1>\n<p>Find out here how BAFA funding can help you and your company make the transition to greater energy and resource efficiency.<\/p>\n\t<a class=\"paoc-popup-click paoc-popup-cust-6225 paoc-popup-button paoc-popup-btn \" href=\"javascript:void(0);\">Kontaktieren Sie uns<\/a>\r\n\n<hr>\n<h2 style=\"text-align: center;\">BAFA funding supports you in saving energy and resources<\/h2>\n<p>It is important to conserve energy and resources &#8211; and not just in view of rising raw material and energy prices. The amount of raw materials available to us is limited. Every resource that is consumed unnecessarily today will be gone tomorrow, forcing future generations to do without. For sustainable development, it is essential to use raw materials consciously, efficiently and sparingly. Companies in particular can make a major contribution to a more sustainable energy industry: in 2018, 37% of German energy consumption was attributable to non-residential buildings<a href=\"https:\/\/www.kea-bw.de\/fileadmin\/user_upload\/Kommunaler_Klimaschutz\/Wissensportal\/Bauen_und_Sanieren\/dena_Gebaeudereport_kompakt_2018.pdf\">(dena<\/a>). Technical and organizational processes offer great potential for savings. These must be holistically thought through and optimized in order to develop sustainable and successful ones and conserve resources. The Federal Office of Economics and Export Control (BAFA) supports companies in this development with <strong>federal funding for energy and resource efficiency in industry<\/strong>.       <\/p>\n<p><span style=\"font-weight: 400;\">With the <strong>Federal Subsidy for Efficient Buildings (BEG)<\/strong>, BAFA also supports you in the refurbishment of buildings in order to save energy costs in the long term and thus promote climate protection. These investment incentives are intended to help achieve the energy and climate targets in the building sector.   <\/span><\/p>\n<div class=\"flex-grid top-xs-xxl\"><div class=\"row gutter-md\"><div class=\"flex-entry entry col col-xs-12 col-sm-6 col-md-4 col-lg-4 post-11074 page type-page status-publish has-post-thumbnail boxed aspect-ratio has-bg-image has-bg-link has-overlay light-content\" style=\"--aspect-ratio:700\/526;\"><div class=\"aspect-outer\"><div class=\"aspect-inner column middle-xs end-xs text-xs-center\"><picture class=\"bg-picture\"><source srcset=\"https:\/\/dev.hoinka.com\/wp-content\/uploads\/Corporate-Sustainability-Reporting-Directive-7-1-520x390.png\" media=\"(max-width: 520px)\"><img loading=\"lazy\" decoding=\"async\" width=\"700\" height=\"526\" src=\"https:\/\/dev.hoinka.com\/wp-content\/uploads\/Corporate-Sustainability-Reporting-Directive-7-1-700x526.png\" class=\"wp-post-image bg-image\" alt=\"BAFA F\u00f6rderung Querschnittstechnologien\" srcset=\"https:\/\/dev.hoinka.com\/wp-content\/uploads\/Corporate-Sustainability-Reporting-Directive-7-1-700x526.png 700w, https:\/\/dev.hoinka.com\/wp-content\/uploads\/Corporate-Sustainability-Reporting-Directive-7-1-520x390.png 520w\" sizes=\"auto, (max-width: 700px) 100vw, 700px\" \/><\/picture><span class=\"overlay overlay-gradient\"><\/span><header class=\"entry-header\"><h3 class=\"entry-title\"><a href=\"https:\/\/dev.hoinka.com\/en\/leistungen\/bafa-funding\/bafa-module-1-cross-sectional-technologies\/\" title=\"BAFA Module 1: Cross-sectional technologies\">BAFA Module 1: Cross-sectional technologies<\/a><\/h3><\/header><a class=\"bg-link\" href=\"https:\/\/dev.hoinka.com\/en\/leistungen\/bafa-funding\/bafa-module-1-cross-sectional-technologies\/\"><span class=\"screen-reader-text\" aria-hidden=\"true\">BAFA Module 1: Cross-sectional technologies<\/span><\/a><\/div><\/div><\/div><div class=\"flex-entry entry col col-xs-12 col-sm-6 col-md-4 col-lg-4 post-11071 page type-page status-publish has-post-thumbnail boxed aspect-ratio has-bg-image has-bg-link has-overlay light-content\" style=\"--aspect-ratio:700\/526;\"><div class=\"aspect-outer\"><div class=\"aspect-inner column middle-xs end-xs text-xs-center\"><picture class=\"bg-picture\"><source srcset=\"https:\/\/dev.hoinka.com\/wp-content\/uploads\/Corporate-Sustainability-Reporting-Directive-8-1-520x390.png\" media=\"(max-width: 520px)\"><img loading=\"lazy\" decoding=\"async\" width=\"700\" height=\"526\" src=\"https:\/\/dev.hoinka.com\/wp-content\/uploads\/Corporate-Sustainability-Reporting-Directive-8-1-700x526.png\" class=\"wp-post-image bg-image\" alt=\"BAFA F\u00f6rderung Prozessw\u00e4rme Erneuerbare Energien\" srcset=\"https:\/\/dev.hoinka.com\/wp-content\/uploads\/Corporate-Sustainability-Reporting-Directive-8-1-700x526.png 700w, https:\/\/dev.hoinka.com\/wp-content\/uploads\/Corporate-Sustainability-Reporting-Directive-8-1-520x390.png 520w\" sizes=\"auto, (max-width: 700px) 100vw, 700px\" \/><\/picture><span class=\"overlay overlay-gradient\"><\/span><header class=\"entry-header\"><h3 class=\"entry-title\"><a href=\"https:\/\/dev.hoinka.com\/en\/leistungen\/bafa-funding\/bafa-module-2-process-heat\/\" title=\"BAFA Module 2: Process heat\">BAFA Module 2: Process heat<\/a><\/h3><\/header><a class=\"bg-link\" href=\"https:\/\/dev.hoinka.com\/en\/leistungen\/bafa-funding\/bafa-module-2-process-heat\/\"><span class=\"screen-reader-text\" aria-hidden=\"true\">BAFA Module 2: Process heat<\/span><\/a><\/div><\/div><\/div><div class=\"flex-entry entry col col-xs-12 col-sm-6 col-md-4 col-lg-4 post-11068 page type-page status-publish has-post-thumbnail boxed aspect-ratio has-bg-image has-bg-link has-overlay light-content\" style=\"--aspect-ratio:700\/526;\"><div class=\"aspect-outer\"><div class=\"aspect-inner column middle-xs end-xs text-xs-center\"><picture class=\"bg-picture\"><source srcset=\"https:\/\/dev.hoinka.com\/wp-content\/uploads\/EnergiebezogeneOptimierung-520x390.png\" media=\"(max-width: 520px)\"><img loading=\"lazy\" decoding=\"async\" width=\"700\" height=\"526\" src=\"https:\/\/dev.hoinka.com\/wp-content\/uploads\/EnergiebezogeneOptimierung-700x526.png\" class=\"wp-post-image bg-image\" alt=\"BAFA F\u00f6rderung Energiebezogene Optimierung\" srcset=\"https:\/\/dev.hoinka.com\/wp-content\/uploads\/EnergiebezogeneOptimierung-700x526.png 700w, https:\/\/dev.hoinka.com\/wp-content\/uploads\/EnergiebezogeneOptimierung-520x390.png 520w\" sizes=\"auto, (max-width: 700px) 100vw, 700px\" \/><\/picture><span class=\"overlay overlay-gradient\"><\/span><header class=\"entry-header\"><h3 class=\"entry-title\"><a href=\"https:\/\/dev.hoinka.com\/en\/leistungen\/bafa-funding\/bafa-module-4-energy-related-optimization\/\" title=\"BAFA Module 4: Energy-related optimization\">BAFA Module 4: Energy-related optimization<\/a><\/h3><\/header><a class=\"bg-link\" href=\"https:\/\/dev.hoinka.com\/en\/leistungen\/bafa-funding\/bafa-module-4-energy-related-optimization\/\"><span class=\"screen-reader-text\" aria-hidden=\"true\">BAFA Module 4: Energy-related optimization<\/span><\/a><\/div><\/div><\/div><div class=\"flex-entry entry col col-xs-12 col-sm-6 col-md-4 col-lg-4 post-11055 page type-page status-publish has-post-thumbnail boxed aspect-ratio has-bg-image has-bg-link has-overlay light-content\" style=\"--aspect-ratio:700\/526;\"><div class=\"aspect-outer\"><div class=\"aspect-inner column middle-xs end-xs text-xs-center\"><picture class=\"bg-picture\"><source srcset=\"https:\/\/dev.hoinka.com\/wp-content\/uploads\/BAFA_Einzelmassnahmen-520x390.png\" media=\"(max-width: 520px)\"><img loading=\"lazy\" decoding=\"async\" width=\"700\" height=\"526\" src=\"https:\/\/dev.hoinka.com\/wp-content\/uploads\/BAFA_Einzelmassnahmen-700x526.png\" class=\"wp-post-image bg-image\" alt=\"BAFA F\u00f6rderung von Einzelma\u00dfnahmen zur Steigerung der Energieeffizienz\" srcset=\"https:\/\/dev.hoinka.com\/wp-content\/uploads\/BAFA_Einzelmassnahmen-700x526.png 700w, https:\/\/dev.hoinka.com\/wp-content\/uploads\/BAFA_Einzelmassnahmen-520x390.png 520w\" sizes=\"auto, (max-width: 700px) 100vw, 700px\" \/><\/picture><span class=\"overlay overlay-gradient\"><\/span><header class=\"entry-header\"><h3 class=\"entry-title\"><a href=\"https:\/\/dev.hoinka.com\/en\/leistungen\/bafa-funding\/bafa-funding-for-individual-measures-beg\/\" title=\"BAFA funding for individual measures (BEG)\">BAFA funding for individual measures (BEG)<\/a><\/h3><\/header><a class=\"bg-link\" href=\"https:\/\/dev.hoinka.com\/en\/leistungen\/bafa-funding\/bafa-funding-for-individual-measures-beg\/\"><span class=\"screen-reader-text\" aria-hidden=\"true\">BAFA funding for individual measures (BEG)<\/span><\/a><\/div><\/div><\/div><div class=\"flex-entry entry col col-xs-12 col-sm-6 col-md-4 col-lg-4 post-12147 page type-page status-publish has-post-thumbnail boxed aspect-ratio has-bg-image has-bg-link has-overlay light-content\" style=\"--aspect-ratio:700\/526;\"><div class=\"aspect-outer\"><div class=\"aspect-inner column middle-xs end-xs text-xs-center\"><picture class=\"bg-picture\"><source srcset=\"https:\/\/dev.hoinka.com\/wp-content\/uploads\/BAFA_EffizienteGebaeude-520x390.png\" media=\"(max-width: 520px)\"><img loading=\"lazy\" decoding=\"async\" width=\"700\" height=\"526\" src=\"https:\/\/dev.hoinka.com\/wp-content\/uploads\/BAFA_EffizienteGebaeude-700x526.png\" class=\"wp-post-image bg-image\" alt=\"BAFA F\u00f6rderung von Einzelma\u00dfnahmen zur Steigerung der Energieeffizienz\" srcset=\"https:\/\/dev.hoinka.com\/wp-content\/uploads\/BAFA_EffizienteGebaeude-700x526.png 700w, https:\/\/dev.hoinka.com\/wp-content\/uploads\/BAFA_EffizienteGebaeude-520x390.png 520w\" sizes=\"auto, (max-width: 700px) 100vw, 700px\" \/><\/picture><span class=\"overlay overlay-gradient\"><\/span><header class=\"entry-header\"><h3 class=\"entry-title\"><a href=\"https:\/\/dev.hoinka.com\/en\/leistungen\/bafa-funding\/federal-subsidy-for-efficient-buildings-beg\/\" title=\"Federal subsidy for efficient buildings (BEG)\">Federal subsidy for efficient buildings (BEG)<\/a><\/h3><\/header><a class=\"bg-link\" href=\"https:\/\/dev.hoinka.com\/en\/leistungen\/bafa-funding\/federal-subsidy-for-efficient-buildings-beg\/\"><span class=\"screen-reader-text\" aria-hidden=\"true\">Federal subsidy for efficient buildings (BEG)<\/span><\/a><\/div><\/div><\/div><\/div><\/div>\n<hr>\n<h4>What is subsidized by BAFA with the federal subsidy for energy and resource efficiency?<\/h4>\n<p>In five modules, BAFA promotes investments in energy-efficient technologies and measures to save energy and increase the use of renewable energies for heating, thus supporting the increase in resource and energy efficiency:<\/p>\n<ul>\n<li>1: Investments in highly efficient systems and cross-sectional technologies to increase energy efficiency,<\/li>\n<li>2: the acquisition of systems for the use of process heat from renewable energies,<\/li>\n<li>3: the establishment of energy or environmental management systems,<\/li>\n<li>4: Measures for energy and resource-oriented optimization of systems and processes,<\/li>\n<li>5: Measures for the transformation towards greenhouse gas neutrality.<\/li>\n<\/ul>\n<h3>Our services for you<\/h3>\n<p>We support you in an advisory capacity and in the implementation of measures for the following BAFA modules:<\/p>\n<ul>\n<li>BAFA Module 1: Cross-sectional technologies<\/li>\n<li>BAFA Module 2: Process heat from renewable energies and<\/li>\n<li>BAFA Module 4: Energy and resource-related optimization of systems and processes.<\/li>\n<li>Individual measures under the BEG EM<\/li>\n<\/ul>\n<p class=\"buttonpopup\" style=\"text-align: center;\">\t<a class=\"paoc-popup-click paoc-popup-cust-6251 paoc-popup-button paoc-popup-btn \" href=\"javascript:void(0);\">Angebot anfordern<\/a>\r\n\n<p style=\"text-align: center;\">Phone <a class=\"\" href=\"tel:+49%20711%2062049-340\">+49 711 62049-340<\/a><br \/>\nEmail <a class=\"\" href=\"mailto:info@hoinka.com\">info@hoinka.com<\/a><\/p>\n","protected":false},"excerpt":{"rendered":"<h1 class=\"hl-1\">Federal subsidy for efficient buildings (BEG)<\/h1>\n<div class=\"page-intro-text\"><\/div>\n\n<p><span style=\"font-weight: 400;\">We support you in the planning and implementation of subsidized individual measures to increase the energy efficiency of your property as part of the federal subsidy for efficient buildings (BEG).<\/span><\/p>\n<hr \/>\n<h2 style=\"text-align: center;\"><b>BAFA supports energy-efficient refurbishment <\/b><\/h2>&hellip; <a href=\"https:\/\/dev.hoinka.com\/en\/leistungen\/bafa-funding\/federal-subsidy-for-efficient-buildings-beg\/\" class=\"read-more\">Read the rest <\/a>","protected":false},"author":2,"featured_media":12731,"parent":426,"menu_order":6,"comment_status":"closed","ping_status":"closed","template":"sections.php","meta":{"_acf_changed":false,"_genesis_hide_title":false,"_genesis_hide_breadcrumbs":false,"_genesis_hide_singular_image":false,"_genesis_hide_footer_widgets":false,"_genesis_custom_body_class":"","_genesis_custom_post_class":"","_genesis_layout":"","footnotes":"","_links_to":"","_links_to_target":""},"class_list":{"0":"post-11076","1":"page","2":"type-page","3":"status-publish","4":"has-post-thumbnail","6":"entry"},"acf":[],"yoast_head":"<!-- This site is optimized with the Yoast SEO plugin v27.4 - https:\/\/yoast.com\/product\/yoast-seo-wordpress\/ -->\n<title>BAFA funding &#8211; HOINKA<\/title>\n<meta name=\"description\" content=\"BAFA funding: Find out how BAFA funding can help you and your company achieve greater energy and resource efficiency.\" \/>\n<meta name=\"robots\" content=\"noindex, follow, max-snippet:-1, max-image-preview:large, max-video-preview:-1\" \/>\n<meta property=\"og:locale\" content=\"en_US\" \/>\n<meta property=\"og:type\" content=\"article\" \/>\n<meta property=\"og:title\" content=\"BAFA funding &#8211; HOINKA\" \/>\n<meta property=\"og:description\" content=\"BAFA funding: Find out how BAFA funding can help you and your company achieve greater energy and resource efficiency.\" \/>\n<meta property=\"og:url\" content=\"https:\/\/dev.hoinka.com\/en\/leistungen\/bafa-funding\/\" \/>\n<meta property=\"og:site_name\" content=\"HOINKA\" \/>\n<meta property=\"article:publisher\" content=\"https:\/\/de-de.facebook.com\/pages\/category\/Consulting-Agency\/HOINKA-GmbH-202893899755765\/\" \/>\n<meta property=\"article:modified_time\" content=\"2025-04-04T07:43:57+00:00\" \/>\n<meta property=\"og:image\" content=\"https:\/\/dev.hoinka.com\/wp-content\/uploads\/BAFA_Foerderung.png\" \/>\n\t<meta property=\"og:image:width\" content=\"2250\" \/>\n\t<meta property=\"og:image:height\" content=\"2250\" \/>\n\t<meta property=\"og:image:type\" content=\"image\/png\" \/>\n<meta name=\"twitter:card\" content=\"summary_large_image\" \/>\n<meta name=\"twitter:label1\" content=\"Est. reading time\" \/>\n\t<meta name=\"twitter:data1\" content=\"2 minutes\" \/>\n<script type=\"application\/ld+json\" class=\"yoast-schema-graph\">{\"@context\":\"https:\\\/\\\/schema.org\",\"@graph\":[{\"@type\":\"WebPage\",\"@id\":\"https:\\\/\\\/dev.hoinka.com\\\/en\\\/leistungen\\\/bafa-funding\\\/\",\"url\":\"https:\\\/\\\/dev.hoinka.com\\\/en\\\/leistungen\\\/bafa-funding\\\/\",\"name\":\"BAFA funding &#8211; HOINKA\",\"isPartOf\":{\"@id\":\"https:\\\/\\\/dev.hoinka.com\\\/en\\\/#website\"},\"primaryImageOfPage\":{\"@id\":\"https:\\\/\\\/dev.hoinka.com\\\/en\\\/leistungen\\\/bafa-funding\\\/#primaryimage\"},\"image\":{\"@id\":\"https:\\\/\\\/dev.hoinka.com\\\/en\\\/leistungen\\\/bafa-funding\\\/#primaryimage\"},\"thumbnailUrl\":\"https:\\\/\\\/dev.hoinka.com\\\/wp-content\\\/uploads\\\/BAFA_Foerderung.png\",\"datePublished\":\"2024-08-02T10:32:23+00:00\",\"dateModified\":\"2025-04-04T07:43:57+00:00\",\"description\":\"BAFA funding: Find out how BAFA funding can help you and your company achieve greater energy and resource efficiency.\",\"breadcrumb\":{\"@id\":\"https:\\\/\\\/dev.hoinka.com\\\/en\\\/leistungen\\\/bafa-funding\\\/#breadcrumb\"},\"inLanguage\":\"en-US\",\"potentialAction\":[{\"@type\":\"ReadAction\",\"target\":[\"https:\\\/\\\/dev.hoinka.com\\\/en\\\/leistungen\\\/bafa-funding\\\/\"]}]},{\"@type\":\"ImageObject\",\"inLanguage\":\"en-US\",\"@id\":\"https:\\\/\\\/dev.hoinka.com\\\/en\\\/leistungen\\\/bafa-funding\\\/#primaryimage\",\"url\":\"https:\\\/\\\/dev.hoinka.com\\\/wp-content\\\/uploads\\\/BAFA_Foerderung.png\",\"contentUrl\":\"https:\\\/\\\/dev.hoinka.com\\\/wp-content\\\/uploads\\\/BAFA_Foerderung.png\",\"width\":2250,\"height\":2250,\"caption\":\"Die BAFA F\u00f6rderung f\u00fcr effiziente Geb\u00e4ude\"},{\"@type\":\"BreadcrumbList\",\"@id\":\"https:\\\/\\\/dev.hoinka.com\\\/en\\\/leistungen\\\/bafa-funding\\\/#breadcrumb\",\"itemListElement\":[{\"@type\":\"ListItem\",\"position\":1,\"name\":\"Home\",\"item\":\"https:\\\/\\\/dev.hoinka.com\\\/en\\\/\"},{\"@type\":\"ListItem\",\"position\":2,\"name\":\"Services\",\"item\":\"https:\\\/\\\/dev.hoinka.com\\\/en\\\/leistungen\\\/\"},{\"@type\":\"ListItem\",\"position\":3,\"name\":\"BAFA funding\"}]},{\"@type\":\"WebSite\",\"@id\":\"https:\\\/\\\/dev.hoinka.com\\\/en\\\/#website\",\"url\":\"https:\\\/\\\/dev.hoinka.com\\\/en\\\/\",\"name\":\"HOINKA\",\"description\":\"Sustainable Planning - Green Building\",\"publisher\":{\"@id\":\"https:\\\/\\\/dev.hoinka.com\\\/en\\\/#organization\"},\"potentialAction\":[{\"@type\":\"SearchAction\",\"target\":{\"@type\":\"EntryPoint\",\"urlTemplate\":\"https:\\\/\\\/dev.hoinka.com\\\/en\\\/?s={search_term_string}\"},\"query-input\":{\"@type\":\"PropertyValueSpecification\",\"valueRequired\":true,\"valueName\":\"search_term_string\"}}],\"inLanguage\":\"en-US\"},{\"@type\":\"Organization\",\"@id\":\"https:\\\/\\\/dev.hoinka.com\\\/en\\\/#organization\",\"name\":\"HOINKA\",\"url\":\"https:\\\/\\\/dev.hoinka.com\\\/en\\\/\",\"logo\":{\"@type\":\"ImageObject\",\"inLanguage\":\"en-US\",\"@id\":\"https:\\\/\\\/dev.hoinka.com\\\/en\\\/#\\\/schema\\\/logo\\\/image\\\/\",\"url\":\"https:\\\/\\\/dev.hoinka.com\\\/wp-content\\\/uploads\\\/logo_hoinka_sm.jpg\",\"contentUrl\":\"https:\\\/\\\/dev.hoinka.com\\\/wp-content\\\/uploads\\\/logo_hoinka_sm.jpg\",\"width\":450,\"height\":92,\"caption\":\"HOINKA\"},\"image\":{\"@id\":\"https:\\\/\\\/dev.hoinka.com\\\/en\\\/#\\\/schema\\\/logo\\\/image\\\/\"},\"sameAs\":[\"https:\\\/\\\/de-de.facebook.com\\\/pages\\\/category\\\/Consulting-Agency\\\/HOINKA-GmbH-202893899755765\\\/\",\"https:\\\/\\\/www.linkedin.com\\\/company\\\/hoinka-gmbh?originalSubdomain=de\"]}]}<\/script>\n<!-- \/ Yoast SEO plugin. -->","yoast_head_json":{"title":"BAFA funding &#8211; HOINKA","description":"BAFA funding: Find out how BAFA funding can help you and your company achieve greater energy and resource efficiency.","robots":{"index":"noindex","follow":"follow","max-snippet":"max-snippet:-1","max-image-preview":"max-image-preview:large","max-video-preview":"max-video-preview:-1"},"og_locale":"en_US","og_type":"article","og_title":"BAFA funding &#8211; HOINKA","og_description":"BAFA funding: Find out how BAFA funding can help you and your company achieve greater energy and resource efficiency.","og_url":"https:\/\/dev.hoinka.com\/en\/leistungen\/bafa-funding\/","og_site_name":"HOINKA","article_publisher":"https:\/\/de-de.facebook.com\/pages\/category\/Consulting-Agency\/HOINKA-GmbH-202893899755765\/","article_modified_time":"2025-04-04T07:43:57+00:00","og_image":[{"width":2250,"height":2250,"url":"https:\/\/dev.hoinka.com\/wp-content\/uploads\/BAFA_Foerderung.png","type":"image\/png"}],"twitter_card":"summary_large_image","twitter_misc":{"Est. reading time":"2 minutes"},"schema":{"@context":"https:\/\/schema.org","@graph":[{"@type":"WebPage","@id":"https:\/\/dev.hoinka.com\/en\/leistungen\/bafa-funding\/","url":"https:\/\/dev.hoinka.com\/en\/leistungen\/bafa-funding\/","name":"BAFA funding &#8211; HOINKA","isPartOf":{"@id":"https:\/\/dev.hoinka.com\/en\/#website"},"primaryImageOfPage":{"@id":"https:\/\/dev.hoinka.com\/en\/leistungen\/bafa-funding\/#primaryimage"},"image":{"@id":"https:\/\/dev.hoinka.com\/en\/leistungen\/bafa-funding\/#primaryimage"},"thumbnailUrl":"https:\/\/dev.hoinka.com\/wp-content\/uploads\/BAFA_Foerderung.png","datePublished":"2024-08-02T10:32:23+00:00","dateModified":"2025-04-04T07:43:57+00:00","description":"BAFA funding: Find out how BAFA funding can help you and your company achieve greater energy and resource efficiency.","breadcrumb":{"@id":"https:\/\/dev.hoinka.com\/en\/leistungen\/bafa-funding\/#breadcrumb"},"inLanguage":"en-US","potentialAction":[{"@type":"ReadAction","target":["https:\/\/dev.hoinka.com\/en\/leistungen\/bafa-funding\/"]}]},{"@type":"ImageObject","inLanguage":"en-US","@id":"https:\/\/dev.hoinka.com\/en\/leistungen\/bafa-funding\/#primaryimage","url":"https:\/\/dev.hoinka.com\/wp-content\/uploads\/BAFA_Foerderung.png","contentUrl":"https:\/\/dev.hoinka.com\/wp-content\/uploads\/BAFA_Foerderung.png","width":2250,"height":2250,"caption":"Die BAFA F\u00f6rderung f\u00fcr effiziente Geb\u00e4ude"},{"@type":"BreadcrumbList","@id":"https:\/\/dev.hoinka.com\/en\/leistungen\/bafa-funding\/#breadcrumb","itemListElement":[{"@type":"ListItem","position":1,"name":"Home","item":"https:\/\/dev.hoinka.com\/en\/"},{"@type":"ListItem","position":2,"name":"Services","item":"https:\/\/dev.hoinka.com\/en\/leistungen\/"},{"@type":"ListItem","position":3,"name":"BAFA funding"}]},{"@type":"WebSite","@id":"https:\/\/dev.hoinka.com\/en\/#website","url":"https:\/\/dev.hoinka.com\/en\/","name":"HOINKA","description":"Sustainable Planning - Green Building","publisher":{"@id":"https:\/\/dev.hoinka.com\/en\/#organization"},"potentialAction":[{"@type":"SearchAction","target":{"@type":"EntryPoint","urlTemplate":"https:\/\/dev.hoinka.com\/en\/?s={search_term_string}"},"query-input":{"@type":"PropertyValueSpecification","valueRequired":true,"valueName":"search_term_string"}}],"inLanguage":"en-US"},{"@type":"Organization","@id":"https:\/\/dev.hoinka.com\/en\/#organization","name":"HOINKA","url":"https:\/\/dev.hoinka.com\/en\/","logo":{"@type":"ImageObject","inLanguage":"en-US","@id":"https:\/\/dev.hoinka.com\/en\/#\/schema\/logo\/image\/","url":"https:\/\/dev.hoinka.com\/wp-content\/uploads\/logo_hoinka_sm.jpg","contentUrl":"https:\/\/dev.hoinka.com\/wp-content\/uploads\/logo_hoinka_sm.jpg","width":450,"height":92,"caption":"HOINKA"},"image":{"@id":"https:\/\/dev.hoinka.com\/en\/#\/schema\/logo\/image\/"},"sameAs":["https:\/\/de-de.facebook.com\/pages\/category\/Consulting-Agency\/HOINKA-GmbH-202893899755765\/","https:\/\/www.linkedin.com\/company\/hoinka-gmbh?originalSubdomain=de"]}]}},"_links":{"self":[{"href":"https:\/\/dev.hoinka.com\/en\/wp-json\/wp\/v2\/pages\/11076","targetHints":{"allow":["GET"]}}],"collection":[{"href":"https:\/\/dev.hoinka.com\/en\/wp-json\/wp\/v2\/pages"}],"about":[{"href":"https:\/\/dev.hoinka.com\/en\/wp-json\/wp\/v2\/types\/page"}],"author":[{"embeddable":true,"href":"https:\/\/dev.hoinka.com\/en\/wp-json\/wp\/v2\/users\/2"}],"replies":[{"embeddable":true,"href":"https:\/\/dev.hoinka.com\/en\/wp-json\/wp\/v2\/comments?post=11076"}],"version-history":[{"count":3,"href":"https:\/\/dev.hoinka.com\/en\/wp-json\/wp\/v2\/pages\/11076\/revisions"}],"predecessor-version":[{"id":12981,"href":"https:\/\/dev.hoinka.com\/en\/wp-json\/wp\/v2\/pages\/11076\/revisions\/12981"}],"up":[{"embeddable":true,"href":"https:\/\/dev.hoinka.com\/en\/wp-json\/wp\/v2\/pages\/426"}],"wp:featuredmedia":[{"embeddable":true,"href":"https:\/\/dev.hoinka.com\/en\/wp-json\/wp\/v2\/media\/12731"}],"wp:attachment":[{"href":"https:\/\/dev.hoinka.com\/en\/wp-json\/wp\/v2\/media?parent=11076"}],"curies":[{"name":"wp","href":"https:\/\/api.w.org\/{rel}","templated":true}]}}