{"id":12046,"date":"2025-03-04T10:35:35","date_gmt":"2025-03-04T09:35:35","guid":{"rendered":"https:\/\/dev.hoinka.com\/?page_id=12046"},"modified":"2025-08-04T10:05:31","modified_gmt":"2025-08-04T08:05:31","slug":"bnb-criteria","status":"publish","type":"page","link":"https:\/\/dev.hoinka.com\/en\/building-certification\/bnb\/bnb-criteria\/","title":{"rendered":"BNB criteria"},"content":{"rendered":"<h1>BNB Bewertungssystem Nachhaltiges Bauen &#8211; Kriterien<\/h1>\n<p><span style=\"font-weight: 400;\">Um den kompletten Lebenszyklus eines Geb\u00e4udes abbilden zu k\u00f6nnen, ist das BNB (<\/span>Bewertungssystem Nachhaltiges Bauen) <span style=\"font-weight: 400;\">modular aufgebaut. Die Module spiegeln die ebenfalls im Leitfaden beschriebenen Lebensphasen wider. Im Bewertungssystem Nachhaltiges Bauen wurden die Anforderungen des Leitfadens f\u00fcr nachhaltiges Bauen in Bewertungskriterien und -ma\u00dfst\u00e4be \u00fcbersetzt, um eine klare Zielvorgabe zu schaffen und die Erf\u00fcllung dieser Ziele messbar und bewertbar zu machen. Es stehen verschiedene Systemvarianten zur Verf\u00fcgung:\u00a0<\/span><b><\/b><\/p>\n<ul>\n<li aria-level=\"1\"><b>B\u00fcro- und Verwaltungsgeb\u00e4ude<\/b><\/li>\n<li aria-level=\"1\"><b>Unterrichtsgeb\u00e4ude<\/b><\/li>\n<li aria-level=\"1\"><b>Laborgeb\u00e4ude<\/b><\/li>\n<li aria-level=\"1\"><b>Au\u00dfenanlagen<\/b><\/li>\n<\/ul>\n<p><span style=\"font-weight: 400;\">Falls keine der bestehenden Systemvarianten auf ein Projekt zutrifft, besteht die M\u00f6glichkeit zur sinngem\u00e4\u00dfen BNB-Anwendung.<\/span><span style=\"font-weight: 400;\"><br \/>\n<\/span><\/p>\n<ul>\n<li><b>Modul Neubau:<\/b><span style=\"font-weight: 400;\"> Grunds\u00e4tze zum nachhaltigen Bauen und Umsetzung nachhaltiger Bauma\u00dfnahmen<\/span><\/li>\n<li><b>Modul Nutzen und Betreiben: <\/b><span style=\"font-weight: 400;\">Erfassung und Bewertung der konkreten Objektqualit\u00e4t und der Qualit\u00e4t der Nutzungs- und Betriebsprozesse. Auch Ist-Analyse eines bisher nicht unter Nachhaltigkeitskriterien bewerteten Bestandsgeb\u00e4udes m\u00f6glich<\/span><\/li>\n<li aria-level=\"1\"><b>Modul Komplettmodernisierungen: <\/b><span style=\"font-weight: 400;\">nachhaltiges Bauen und Umsetzung nachhaltiger Bauma\u00dfnahmen im Bestand unter Ber\u00fccksichtigung der Grunds\u00e4tze zum nachhaltigen Bauen\u00a0<\/span><\/li>\n<\/ul>\n<p><span style=\"font-weight: 400;\"><b><\/b><br \/>\n<\/span><\/p>\n<h3>Kriteriensteckbriefe im Bewertungssystem Nachhaltiges Bauen<\/h3>\n<p><span style=\"font-weight: 400;\">Das BNB stellt mess- und \u00fcberpr\u00fcfbare Kriterien zur Verf\u00fcgung, die in <\/span><b>f\u00fcnf Hauptkriteriengruppen<\/b><span style=\"font-weight: 400;\"> und die <\/span><b>Standortmerkmale<\/b><span style=\"font-weight: 400;\"> eingeteilt sind. Diese systematische Herangehensweise erm\u00f6glicht eine transparente und nachvollziehbare Bewertung der Nachhaltigkeit von Bauprojekten. Die Kriterien orientieren sich an den <\/span><b>Schutzzielen des nachhaltigen Bauens<\/b><span style=\"font-weight: 400;\">, die von den drei Dimensionen des nachhaltigen Bauens abgeleitet wurden: \u00d6kologie, \u00d6konomie und Soziokulturelles. Als Basis der Bewertung gilt der nationale Kriterienkatalog, der mit Verba\u0308nden der Baubranche am \u201eRunden Tisch Nachhaltiges Bauen\u201c des Bundesbauministeriums er\u00adarbeitet wurde.<\/span><\/p>\n<p><span style=\"font-weight: 400;\">Das Bewertungssystem ist in drei Ebenen aufgebaut:\u00a0<\/span><\/p>\n<p><b>Hauptkriteriengruppen<\/b><span style=\"font-weight: 400;\">,\u00a0<\/span><\/p>\n<p><b>\u00a0 \u00a0 \u00a0 Kriteriengruppen<\/b><span style=\"font-weight: 400;\">\u00a0<\/span><\/p>\n<p><span style=\"font-weight: 400;\">\u00a0 \u00a0 \u00a0 \u00a0 \u00a0 \u00a0 \u00a0 und <\/span><b>Einzelkriterien<\/b><span style=\"font-weight: 400;\">.\u00a0<\/span><\/p>\n<p><span style=\"font-weight: 400;\">Die Hauptkriterien sind aus den f\u00fcnf Qualit\u00e4ten der Nachhaltigkeit und den Standortmerkmalen abgeleitet. Die Standortmerkmale werden getrennt von der Objektqualit\u00e4t bewertet und nur informativ ausgewiesen, da nur bedingt die M\u00f6glichkeit zur Einflussnahme durch die Projektverantwortlichen besteht.<\/span><\/p>\n<p><img loading=\"lazy\" decoding=\"async\" class=\"aligncenter wp-image-12048 size-full\" src=\"https:\/\/dev.hoinka.com\/wp-content\/uploads\/BNB-Kritieren-Gewichtung.png\" alt=\"Gewichtung der BNB Kritierien\" width=\"703\" height=\"313\" srcset=\"https:\/\/dev.hoinka.com\/wp-content\/uploads\/BNB-Kritieren-Gewichtung.png 703w, https:\/\/dev.hoinka.com\/wp-content\/uploads\/BNB-Kritieren-Gewichtung-300x134.png 300w, https:\/\/dev.hoinka.com\/wp-content\/uploads\/BNB-Kritieren-Gewichtung-700x313.png 700w\" sizes=\"auto, (max-width: 703px) 100vw, 703px\" \/><\/p>\n<p><span style=\"font-weight: 400;\">Die Einzelkriterien werden durch die Vergabe von Bewertungspunkten bewertet. In jedem Kriterium kann eine maximale Anzahl von 100 Punkten erreicht werden. Die Ergebnisse werden mit einem festgelegten Bedeutungsfaktor von 1 bis 3 innerhalb der jeweiligen Hauptkriteriengruppe zusammengef\u00fchrt. Der Erf\u00fcllungsgrad innerhalb einer Hauptkriteriengruppe errechnet sich aus dem Verh\u00e4ltnis von maximal erreichbarer und tats\u00e4chlicher Punktzahl. Die Ergebnisse der f\u00fcnf Hauptkriteriengruppen werden dann mit festgelegter Gewichtung zu einem Gesamterf\u00fcllungsgrad verrechnet.\u00a0<\/span><\/p>\n<p><img loading=\"lazy\" decoding=\"async\" class=\"aligncenter wp-image-12051 size-full\" src=\"https:\/\/dev.hoinka.com\/wp-content\/uploads\/BNB-Bewertungsskala.png\" alt=\"Bewertungsskala im BNB\" width=\"483\" height=\"657\" srcset=\"https:\/\/dev.hoinka.com\/wp-content\/uploads\/BNB-Bewertungsskala.png 483w, https:\/\/dev.hoinka.com\/wp-content\/uploads\/BNB-Bewertungsskala-221x300.png 221w\" sizes=\"auto, (max-width: 483px) 100vw, 483px\" \/><\/p>\n<p><span style=\"font-weight: 400;\">F\u00fcr die Kriterien sind Mindesterf\u00fcllungsgrade festgelegt, die eingehalten werden m\u00fcssen. Je nach Gesamterf\u00fcllungsgrad wird das Geb\u00e4ude mit dem Qualit\u00e4tsstandard Gold (100 % &#8211; 80 % Erf\u00fcllungsgrad), Silber (80 % &#8211; 65 % Erf\u00fcllungsgrad) oder Bronze (65 % &#8211; 50 % Erf\u00fcllungsgrad) ausgezeichnet. Zur Veranschaulichung wird zus\u00e4tzlich eine Gesamtnote verliehen.<\/span><span style=\"font-weight: 400;\"><br \/>\n<\/span><\/p>\n<h3>Kriteriensteckbrief am Beispiel BNB-BN &#8211; <b>\u00a0(B\u00fcrogeb\u00e4ude Neubau)<\/b> V2015<\/h3>\n<p><strong>\u00d6kologische Qualit\u00e4t<\/strong><\/p>\n<p>Wirkungen auf die globale und lokale Umwelt<\/p>\n<p>.. Bilanzierungsregeln f\u00fcr die Erstellung von \u00d6kobilanzen<\/p>\n<p>1.1.1 Treibhauspotenzial (GWP)<\/p>\n<p>1.1.2 Ozonschichtabbaupotenzial (ODP)<\/p>\n<p>1.1.3 Ozonbildungspotenzial (POCP)<\/p>\n<p>1.1.4 Versauerungspotenzial (AP)<\/p>\n<p>1.1.5 \u00dcberd\u00fcngungspotenzial (EP)<\/p>\n<p>1.1.6 Risiken f\u00fcr die lokale Umwelt<\/p>\n<p>1.1.7 Nachhaltige Materialgewinnung \/ Biodiversit\u00e4t<\/p>\n<p>Ressourceninanspruchnahme<\/p>\n<p>1.2.1 Prim\u00e4renergiebedarf<\/p>\n<p>1.2.3 Trinkwasserbedarf und Abwasseraufkommen<\/p>\n<p>1.2.4 Fl\u00e4cheninanspruchnahme<\/p>\n<p><strong>\u00d6konomische Qualit\u00e4t<\/strong><\/p>\n<p>Lebenszykluskosten<\/p>\n<p>2.1.1 Geb\u00e4udebezogene Kosten im Lebenszyklus<\/p>\n<p>Wirtschaftlichkeit und Wertstabilit\u00e4t<\/p>\n<p>2.2.1 Fl\u00e4cheneffizienz<\/p>\n<p>2.2.2 Anpassungsf\u00e4higkeit<\/p>\n<p><strong>Soziokulturelle Qualit\u00e4t<\/strong><\/p>\n<p>Gesundheit, Behaglichkeit und Nutzerzufriedenheit<\/p>\n<p>3.1.1 <a href=\"https:\/\/dev.hoinka.com\/leistungen\/energie-tageslicht-und-thermische-simulationen\/thermische-komfortsimulation-din-env-15251-iso-7730\/\" target=\"_blank\" rel=\"noopener\">Thermischer Komfort\u00a0<\/a><\/p>\n<p>3.1.3 Innenraumlufthygiene<\/p>\n<p>3.1.4 Akustischer Komfort<\/p>\n<p>3.1.5 Visueller Komfort<\/p>\n<p>3.1.6 Einflussnahmem\u00f6glichkeiten durch Nutzer<\/p>\n<p>3.1.7 Aufenthaltsqualit\u00e4ten<\/p>\n<p>3.1.8 Sicherheit<\/p>\n<p>Funktionalit\u00e4t<\/p>\n<p>3.2.1 Barrierefreiheit<\/p>\n<p>3.2.4 Zug\u00e4nglichkeit<\/p>\n<p>3.2.5 Mobilit\u00e4tsinfrastruktur<\/p>\n<p>Sicherung der Gestaltungsqualit\u00e4t<\/p>\n<p>3.3.1 Gestalterische und st\u00e4dtebauliche Qualit\u00e4t<\/p>\n<p>3.3.2 Kunst am Bau<\/p>\n<p><strong>Technische Qualit\u00e4t<\/strong><\/p>\n<p>Technische Ausf\u00fchrung<\/p>\n<p>4.1.1 Schallschutz<\/p>\n<p>4.1.2 W\u00e4rme- und Tauwasserschutz<\/p>\n<p>4.1.3 Reinigung und Instandhaltungsfreundlichkeit<\/p>\n<p>4.1.4 R\u00fcckbau, Trennung und Verwertung<\/p>\n<p>4.1.5 Widerstandsf\u00e4higkeit gegen Naturgefahren<\/p>\n<p>4.1.6 Bedienungs- und Instandhaltungsfreundlichkeit der TGA<\/p>\n<p><strong>Prozessqualit\u00e4t<\/strong><\/p>\n<p>Planung<\/p>\n<p>5.1.1 Projektvorbereitung<\/p>\n<p>5.1.2 Integrale Planung<\/p>\n<p>5.1.3 Komplexit\u00e4t und Optimierung der Planung<\/p>\n<p>5.1.4 Ausschreibung und Vergabe<\/p>\n<p>5.1.5 Voraussetzungen f\u00fcr eine optimale Bewirtschaftung<\/p>\n<p>Bauausf\u00fchrung<\/p>\n<p>5.2.1 Baustelle \/ Bauprozess<\/p>\n<p>5.2.2 Qualit\u00e4tssicherung der Bauausf\u00fchrung<\/p>\n<p>5.2.3 Systematische Inbetriebnahme<\/p>\n<p><strong>Standortmerkmale<\/strong><\/p>\n<p>Standortmerkmale<\/p>\n<p>6.1.1 Risiken am Mikrostandort<\/p>\n<p>6.1.2 Verh\u00e4ltnisse am Mikrostandort<\/p>\n<p>6.1.3 Quartiersmerkmale<\/p>\n<p>6.1.4 Verkehrsanbindung<\/p>\n<p>6.1.5 N\u00e4he zu nutzungsrelevanten Einrichtungen<\/p>\n<p>6.1.6 Anliegende Medien \/ Erschlie\u00dfung<\/p>\n<p class=\"buttonpopup\" style=\"text-align: center;\">\t<a class=\"paoc-popup-click paoc-popup-cust-6251 paoc-popup-button paoc-popup-btn \" href=\"javascript:void(0);\">Angebot anfordern<\/a>\r\n\n<p style=\"text-align: center;\">Phone <a class=\"\" href=\"tel:\/\/+49%20711%2062049-340\">+49 711 62049-340<\/a><br \/>\nEmail <a class=\"\" href=\"mailto:info@hoinka.com\">info@hoinka.com<\/a><\/p>\n","protected":false},"excerpt":{"rendered":"<p>BNB Bewertungssystem Nachhaltiges Bauen &#8211; Kriterien Um den kompletten Lebenszyklus eines Geb\u00e4udes abbilden zu k\u00f6nnen, ist das BNB (Bewertungssystem Nachhaltiges Bauen) modular aufgebaut. Die Module spiegeln die ebenfalls im Leitfaden beschriebenen Lebensphasen wider. Im Bewertungssystem Nachhaltiges Bauen wurden die Anforderungen des Leitfadens f\u00fcr nachhaltiges Bauen in Bewertungskriterien und -ma\u00dfst\u00e4be \u00fcbersetzt, um eine klare Zielvorgabe zu &hellip;<\/p>\n","protected":false},"author":7,"featured_media":6075,"parent":7147,"menu_order":12,"comment_status":"closed","ping_status":"closed","template":"sections.php","meta":{"_acf_changed":false,"_genesis_hide_title":false,"_genesis_hide_breadcrumbs":false,"_genesis_hide_singular_image":false,"_genesis_hide_footer_widgets":false,"_genesis_custom_body_class":"","_genesis_custom_post_class":"","_genesis_layout":"","footnotes":"","_links_to":"","_links_to_target":""},"class_list":{"0":"post-12046","1":"page","2":"type-page","3":"status-publish","4":"has-post-thumbnail","6":"entry"},"acf":[],"yoast_head":"<!-- This site is optimized with the Yoast SEO plugin v27.0 - https:\/\/yoast.com\/product\/yoast-seo-wordpress\/ -->\n<title>BNB criteria: Guiding Principles Compliance &#8211; HOINKA<\/title>\n<meta name=\"description\" content=\"We answer questions, advise you on the BNB criteria and support you in successfully fulfilling your BNB certification.\" \/>\n<meta name=\"robots\" content=\"noindex, follow, max-snippet:-1, max-image-preview:large, max-video-preview:-1\" \/>\n<meta property=\"og:locale\" content=\"en_US\" \/>\n<meta property=\"og:type\" content=\"article\" \/>\n<meta property=\"og:title\" content=\"BNB criteria: Guiding Principles Compliance &#8211; HOINKA\" \/>\n<meta property=\"og:description\" content=\"We answer questions, advise you on the BNB criteria and support you in successfully fulfilling your BNB certification.\" \/>\n<meta property=\"og:url\" content=\"https:\/\/dev.hoinka.com\/en\/building-certification\/bnb\/bnb-criteria\/\" \/>\n<meta property=\"og:site_name\" content=\"HOINKA\" \/>\n<meta property=\"article:publisher\" content=\"https:\/\/de-de.facebook.com\/pages\/category\/Consulting-Agency\/HOINKA-GmbH-202893899755765\/\" \/>\n<meta property=\"article:modified_time\" content=\"2025-08-04T08:05:31+00:00\" \/>\n<meta property=\"og:image\" content=\"https:\/\/dev.hoinka.com\/wp-content\/uploads\/BNB-Bewertungssystem-nachhaltiges-Bauen-Bund-e1739435126443.png\" \/>\n\t<meta property=\"og:image:width\" content=\"928\" \/>\n\t<meta property=\"og:image:height\" content=\"675\" \/>\n\t<meta property=\"og:image:type\" content=\"image\/png\" \/>\n<meta name=\"twitter:card\" content=\"summary_large_image\" \/>\n<meta name=\"twitter:label1\" content=\"Est. reading time\" \/>\n\t<meta name=\"twitter:data1\" content=\"3 minutes\" \/>\n<script type=\"application\/ld+json\" class=\"yoast-schema-graph\">{\"@context\":\"https:\/\/schema.org\",\"@graph\":[{\"@type\":\"WebPage\",\"@id\":\"https:\/\/dev.hoinka.com\/en\/building-certification\/bnb\/bnb-criteria\/\",\"url\":\"https:\/\/dev.hoinka.com\/en\/building-certification\/bnb\/bnb-criteria\/\",\"name\":\"BNB criteria: Guiding Principles Compliance &#8211; HOINKA\",\"isPartOf\":{\"@id\":\"https:\/\/dev.hoinka.com\/en\/#website\"},\"primaryImageOfPage\":{\"@id\":\"https:\/\/dev.hoinka.com\/en\/building-certification\/bnb\/bnb-criteria\/#primaryimage\"},\"image\":{\"@id\":\"https:\/\/dev.hoinka.com\/en\/building-certification\/bnb\/bnb-criteria\/#primaryimage\"},\"thumbnailUrl\":\"https:\/\/dev.hoinka.com\/wp-content\/uploads\/BNB-Bewertungssystem-nachhaltiges-Bauen-Bund-e1739435126443.png\",\"datePublished\":\"2025-03-04T09:35:35+00:00\",\"dateModified\":\"2025-08-04T08:05:31+00:00\",\"description\":\"We answer questions, advise you on the BNB criteria and support you in successfully fulfilling your BNB certification.\",\"breadcrumb\":{\"@id\":\"https:\/\/dev.hoinka.com\/en\/building-certification\/bnb\/bnb-criteria\/#breadcrumb\"},\"inLanguage\":\"en-US\",\"potentialAction\":[{\"@type\":\"ReadAction\",\"target\":[\"https:\/\/dev.hoinka.com\/en\/building-certification\/bnb\/bnb-criteria\/\"]}]},{\"@type\":\"ImageObject\",\"inLanguage\":\"en-US\",\"@id\":\"https:\/\/dev.hoinka.com\/en\/building-certification\/bnb\/bnb-criteria\/#primaryimage\",\"url\":\"https:\/\/dev.hoinka.com\/wp-content\/uploads\/BNB-Bewertungssystem-nachhaltiges-Bauen-Bund-e1739435126443.png\",\"contentUrl\":\"https:\/\/dev.hoinka.com\/wp-content\/uploads\/BNB-Bewertungssystem-nachhaltiges-Bauen-Bund-e1739435126443.png\",\"width\":928,\"height\":675,\"caption\":\"BNB Bewertungssystem nachhaltiges Bauen Logo\"},{\"@type\":\"BreadcrumbList\",\"@id\":\"https:\/\/dev.hoinka.com\/en\/building-certification\/bnb\/bnb-criteria\/#breadcrumb\",\"itemListElement\":[{\"@type\":\"ListItem\",\"position\":1,\"name\":\"Home\",\"item\":\"https:\/\/dev.hoinka.com\/en\/\"},{\"@type\":\"ListItem\",\"position\":2,\"name\":\"Building certification\",\"item\":\"https:\/\/dev.hoinka.com\/en\/building-certification\/\"},{\"@type\":\"ListItem\",\"position\":3,\"name\":\"NBB\",\"item\":\"https:\/\/dev.hoinka.com\/en\/building-certification\/bnb\/\"},{\"@type\":\"ListItem\",\"position\":4,\"name\":\"BNB criteria\"}]},{\"@type\":\"WebSite\",\"@id\":\"https:\/\/dev.hoinka.com\/en\/#website\",\"url\":\"https:\/\/dev.hoinka.com\/en\/\",\"name\":\"HOINKA\",\"description\":\"Sustainable Planning - Green Building\",\"publisher\":{\"@id\":\"https:\/\/dev.hoinka.com\/en\/#organization\"},\"potentialAction\":[{\"@type\":\"SearchAction\",\"target\":{\"@type\":\"EntryPoint\",\"urlTemplate\":\"https:\/\/dev.hoinka.com\/en\/?s={search_term_string}\"},\"query-input\":{\"@type\":\"PropertyValueSpecification\",\"valueRequired\":true,\"valueName\":\"search_term_string\"}}],\"inLanguage\":\"en-US\"},{\"@type\":\"Organization\",\"@id\":\"https:\/\/dev.hoinka.com\/en\/#organization\",\"name\":\"HOINKA\",\"url\":\"https:\/\/dev.hoinka.com\/en\/\",\"logo\":{\"@type\":\"ImageObject\",\"inLanguage\":\"en-US\",\"@id\":\"https:\/\/dev.hoinka.com\/en\/#\/schema\/logo\/image\/\",\"url\":\"https:\/\/dev.hoinka.com\/wp-content\/uploads\/logo_hoinka_sm.jpg\",\"contentUrl\":\"https:\/\/dev.hoinka.com\/wp-content\/uploads\/logo_hoinka_sm.jpg\",\"width\":450,\"height\":92,\"caption\":\"HOINKA\"},\"image\":{\"@id\":\"https:\/\/dev.hoinka.com\/en\/#\/schema\/logo\/image\/\"},\"sameAs\":[\"https:\/\/de-de.facebook.com\/pages\/category\/Consulting-Agency\/HOINKA-GmbH-202893899755765\/\",\"https:\/\/www.linkedin.com\/company\/hoinka-gmbh?originalSubdomain=de\"]}]}<\/script>\n<!-- \/ Yoast SEO plugin. -->","yoast_head_json":{"title":"BNB criteria: Guiding Principles Compliance &#8211; HOINKA","description":"We answer questions, advise you on the BNB criteria and support you in successfully fulfilling your BNB certification.","robots":{"index":"noindex","follow":"follow","max-snippet":"max-snippet:-1","max-image-preview":"max-image-preview:large","max-video-preview":"max-video-preview:-1"},"og_locale":"en_US","og_type":"article","og_title":"BNB criteria: Guiding Principles Compliance &#8211; HOINKA","og_description":"We answer questions, advise you on the BNB criteria and support you in successfully fulfilling your BNB certification.","og_url":"https:\/\/dev.hoinka.com\/en\/building-certification\/bnb\/bnb-criteria\/","og_site_name":"HOINKA","article_publisher":"https:\/\/de-de.facebook.com\/pages\/category\/Consulting-Agency\/HOINKA-GmbH-202893899755765\/","article_modified_time":"2025-08-04T08:05:31+00:00","og_image":[{"width":928,"height":675,"url":"https:\/\/dev.hoinka.com\/wp-content\/uploads\/BNB-Bewertungssystem-nachhaltiges-Bauen-Bund-e1739435126443.png","type":"image\/png"}],"twitter_card":"summary_large_image","twitter_misc":{"Est. reading time":"3 minutes"},"schema":{"@context":"https:\/\/schema.org","@graph":[{"@type":"WebPage","@id":"https:\/\/dev.hoinka.com\/en\/building-certification\/bnb\/bnb-criteria\/","url":"https:\/\/dev.hoinka.com\/en\/building-certification\/bnb\/bnb-criteria\/","name":"BNB criteria: Guiding Principles Compliance &#8211; HOINKA","isPartOf":{"@id":"https:\/\/dev.hoinka.com\/en\/#website"},"primaryImageOfPage":{"@id":"https:\/\/dev.hoinka.com\/en\/building-certification\/bnb\/bnb-criteria\/#primaryimage"},"image":{"@id":"https:\/\/dev.hoinka.com\/en\/building-certification\/bnb\/bnb-criteria\/#primaryimage"},"thumbnailUrl":"https:\/\/dev.hoinka.com\/wp-content\/uploads\/BNB-Bewertungssystem-nachhaltiges-Bauen-Bund-e1739435126443.png","datePublished":"2025-03-04T09:35:35+00:00","dateModified":"2025-08-04T08:05:31+00:00","description":"We answer questions, advise you on the BNB criteria and support you in successfully fulfilling your BNB certification.","breadcrumb":{"@id":"https:\/\/dev.hoinka.com\/en\/building-certification\/bnb\/bnb-criteria\/#breadcrumb"},"inLanguage":"en-US","potentialAction":[{"@type":"ReadAction","target":["https:\/\/dev.hoinka.com\/en\/building-certification\/bnb\/bnb-criteria\/"]}]},{"@type":"ImageObject","inLanguage":"en-US","@id":"https:\/\/dev.hoinka.com\/en\/building-certification\/bnb\/bnb-criteria\/#primaryimage","url":"https:\/\/dev.hoinka.com\/wp-content\/uploads\/BNB-Bewertungssystem-nachhaltiges-Bauen-Bund-e1739435126443.png","contentUrl":"https:\/\/dev.hoinka.com\/wp-content\/uploads\/BNB-Bewertungssystem-nachhaltiges-Bauen-Bund-e1739435126443.png","width":928,"height":675,"caption":"BNB Bewertungssystem nachhaltiges Bauen Logo"},{"@type":"BreadcrumbList","@id":"https:\/\/dev.hoinka.com\/en\/building-certification\/bnb\/bnb-criteria\/#breadcrumb","itemListElement":[{"@type":"ListItem","position":1,"name":"Home","item":"https:\/\/dev.hoinka.com\/en\/"},{"@type":"ListItem","position":2,"name":"Building certification","item":"https:\/\/dev.hoinka.com\/en\/building-certification\/"},{"@type":"ListItem","position":3,"name":"NBB","item":"https:\/\/dev.hoinka.com\/en\/building-certification\/bnb\/"},{"@type":"ListItem","position":4,"name":"BNB criteria"}]},{"@type":"WebSite","@id":"https:\/\/dev.hoinka.com\/en\/#website","url":"https:\/\/dev.hoinka.com\/en\/","name":"HOINKA","description":"Sustainable Planning - Green Building","publisher":{"@id":"https:\/\/dev.hoinka.com\/en\/#organization"},"potentialAction":[{"@type":"SearchAction","target":{"@type":"EntryPoint","urlTemplate":"https:\/\/dev.hoinka.com\/en\/?s={search_term_string}"},"query-input":{"@type":"PropertyValueSpecification","valueRequired":true,"valueName":"search_term_string"}}],"inLanguage":"en-US"},{"@type":"Organization","@id":"https:\/\/dev.hoinka.com\/en\/#organization","name":"HOINKA","url":"https:\/\/dev.hoinka.com\/en\/","logo":{"@type":"ImageObject","inLanguage":"en-US","@id":"https:\/\/dev.hoinka.com\/en\/#\/schema\/logo\/image\/","url":"https:\/\/dev.hoinka.com\/wp-content\/uploads\/logo_hoinka_sm.jpg","contentUrl":"https:\/\/dev.hoinka.com\/wp-content\/uploads\/logo_hoinka_sm.jpg","width":450,"height":92,"caption":"HOINKA"},"image":{"@id":"https:\/\/dev.hoinka.com\/en\/#\/schema\/logo\/image\/"},"sameAs":["https:\/\/de-de.facebook.com\/pages\/category\/Consulting-Agency\/HOINKA-GmbH-202893899755765\/","https:\/\/www.linkedin.com\/company\/hoinka-gmbh?originalSubdomain=de"]}]}},"_links":{"self":[{"href":"https:\/\/dev.hoinka.com\/en\/wp-json\/wp\/v2\/pages\/12046","targetHints":{"allow":["GET"]}}],"collection":[{"href":"https:\/\/dev.hoinka.com\/en\/wp-json\/wp\/v2\/pages"}],"about":[{"href":"https:\/\/dev.hoinka.com\/en\/wp-json\/wp\/v2\/types\/page"}],"author":[{"embeddable":true,"href":"https:\/\/dev.hoinka.com\/en\/wp-json\/wp\/v2\/users\/7"}],"replies":[{"embeddable":true,"href":"https:\/\/dev.hoinka.com\/en\/wp-json\/wp\/v2\/comments?post=12046"}],"version-history":[{"count":9,"href":"https:\/\/dev.hoinka.com\/en\/wp-json\/wp\/v2\/pages\/12046\/revisions"}],"predecessor-version":[{"id":13922,"href":"https:\/\/dev.hoinka.com\/en\/wp-json\/wp\/v2\/pages\/12046\/revisions\/13922"}],"up":[{"embeddable":true,"href":"https:\/\/dev.hoinka.com\/en\/wp-json\/wp\/v2\/pages\/7147"}],"wp:featuredmedia":[{"embeddable":true,"href":"https:\/\/dev.hoinka.com\/en\/wp-json\/wp\/v2\/media\/6075"}],"wp:attachment":[{"href":"https:\/\/dev.hoinka.com\/en\/wp-json\/wp\/v2\/media?parent=12046"}],"curies":[{"name":"wp","href":"https:\/\/api.w.org\/{rel}","templated":true}]}}