{"id":3656,"date":"2019-10-07T13:37:29","date_gmt":"2019-10-07T11:37:29","guid":{"rendered":"https:\/\/hoinka.com\/?page_id=3656"},"modified":"2025-01-09T14:52:32","modified_gmt":"2025-01-09T13:52:32","slug":"dipl-ing-thomas-hoinka","status":"publish","type":"page","link":"https:\/\/dev.hoinka.com\/en\/unternehmen\/team\/dipl-ing-thomas-hoinka\/","title":{"rendered":"Dipl.-Ing. Thomas Hoinka"},"content":{"rendered":"<h4>LEED\u00ae AP, DGNB Senior Auditor, BREEAM Assessor, BREEAM DE Auditor, BREEAM AP, Passivhaus-Planer, Energieeffizienz-Experte (KfW), Energieauditor, GPCP<\/h4>\r\n\r\n<p>Thomas Hoinka studied civil engineering at the University of Stuttgart with the focus on building physics\/materials, structural engineering and design engineering. During his course of study he was supported by the scholarship from the German National Academic Foundation. In 2005\/2006 he spent one academic year at the University of Calgary, Canada. In 2007 he wrote his diploma thesis on life-cycle assessments.<\/p>\r\n\r\n\r\n\r\n<p>From 2007 to 2010 Thomas Hoinka worked for Drees &amp; Sommer in the department or Energy and Green Building Design, where he carried out green building certifications in terms of LEED, DGNB and BREEAM. Furthermore he carries out life cycle assessments and energy\/thermal comfort analysis with simulation software.<\/p>\r\n\r\n\r\n\r\n<p>In 2010 he founded the HOINKA GmbH. Here he offers services within his scope. His ambition is to develop and assess holistic and sustainable building concepts.<\/p>\r\n\r\n\r\n\r\n<p><strong>Competences:<\/strong><\/p>\r\n\r\n\r\n\r\n<ul class=\"wp-block-list\">\r\n<li>Green Building Certification (DGNB, LEED, BREEAM)<\/li>\r\n<li>Thermal Simulations<\/li>\r\n<li>Life-Cycle-Assessments (LCA)<\/li>\r\n<li>Building Ecology Consulting<\/li>\r\n<\/ul>\r\n\r\n\r\n\r\n<p><strong>Extract of Projects:<\/strong><\/p>\r\n\r\n\r\n\r\n<ul class=\"wp-block-list\">\r\n<li>Deutsche Bank Greentowers, Frankfurt (LEED, DGNB, \u00d6kobilanz) (Drees &amp; Sommer)<\/li>\r\n<li>Kita Beiersdorf (DGNB Gold Certification)<\/li>\r\n<li>Upper Eastside Berlin (BREEAM Certification)<\/li>\r\n<\/ul>\r\n\r\n\r\n\r\n<p><strong>Publications:<\/strong><\/p>\r\n\r\n\r\n\r\n<ul class=\"wp-block-list\">\r\n<li>[1] Hoinka, Thomas: Transparenz f\u00fcr Bauprodukte im LEED- und DGNB-System &#8211; Herausforderung f\u00fcr Produkthersteller, Baufirmen und Planer<\/li>\r\n<li>[2] Bauer, M.; M\u00f6sle, P.; Hoinka, T.: Green Building Label &#8211; Die wichtigsten Zertifizierungen auf dem Pr\u00fcfstand. In: Green Building &#8211; Nachhaltig planen, bauen und betreiben, 01. Fachverlag Schiele &amp; Sch\u00f6n GmbH, Berlin (2009)<\/li>\r\n<li>[3] Bauer, M.; M\u00f6sle, P.; Hoinka, T.: Green Building Zertifikate auf dem Prufstand. In: Energieeffizienz in Geb\u00e4uden Jahrbuch 2009. VME &#8211; Verlag und Medienservice Energie, J\u00fcrgen P\u00f6schk (Hrsg.), (2009)<\/li>\r\n<li><a href=\"https:\/\/dev.hoinka.com\/wp-content\/uploads\/DGNB_OWP11_20090210_DE.pdf\" target=\"_blank\" rel=\"noreferrer noopener\">[4] DGNB Zertifizierung OWP 11<\/a><\/li>\r\n<li><a href=\"https:\/\/dev.hoinka.com\/wp-content\/uploads\/DGNB_Greentowers_20090729_DE.pdf\" target=\"_blank\" rel=\"noreferrer noopener\">[5] DGNB Vorzertifizierung Greentowers<\/a><\/li>\r\n<\/ul>\r\n\r\n<p>&nbsp;<\/p>","protected":false},"excerpt":{"rendered":"<p>LEED\u00ae AP, DGNB Senior Auditor, BREEAM Assessor, BREEAM DE Auditor, BREEAM AP, Passivhaus-Planer, Energieeffizienz-Experte (KfW), Energieauditor, GPCP<\/p>\n","protected":false},"author":1,"featured_media":10297,"parent":3665,"menu_order":1,"comment_status":"closed","ping_status":"closed","template":"","meta":{"_acf_changed":false,"_genesis_hide_title":false,"_genesis_hide_breadcrumbs":false,"_genesis_hide_singular_image":false,"_genesis_hide_footer_widgets":false,"_genesis_custom_body_class":"","_genesis_custom_post_class":"","_genesis_layout":"","footnotes":"","_links_to":"","_links_to_target":""},"class_list":{"0":"post-3656","1":"page","2":"type-page","3":"status-publish","4":"has-post-thumbnail","6":"entry"},"acf":[],"yoast_head":"<!-- This site is optimized with the Yoast SEO plugin v27.0 - https:\/\/yoast.com\/product\/yoast-seo-wordpress\/ -->\n<title>Dipl.-Ing. Thomas Hoinka &#8211; Greenbuilding Expert<\/title>\n<meta name=\"description\" content=\"Expert for Green Building Certification (DGNB, LEED, BREEAM), Thermal Simulations, Life-Cycle-Assessments(LCA) and Building Ecology Consulting\" \/>\n<meta name=\"robots\" content=\"noindex, follow, max-snippet:-1, max-image-preview:large, max-video-preview:-1\" \/>\n<meta property=\"og:locale\" content=\"en_US\" \/>\n<meta property=\"og:type\" content=\"article\" \/>\n<meta property=\"og:title\" content=\"Dipl.-Ing. Thomas Hoinka &#8211; Greenbuilding Expert\" \/>\n<meta property=\"og:description\" content=\"Expert for Green Building Certification (DGNB, LEED, BREEAM), Thermal Simulations, Life-Cycle-Assessments(LCA) and Building Ecology Consulting\" \/>\n<meta property=\"og:url\" content=\"https:\/\/dev.hoinka.com\/en\/unternehmen\/team\/dipl-ing-thomas-hoinka\/\" \/>\n<meta property=\"og:site_name\" content=\"HOINKA\" \/>\n<meta property=\"article:publisher\" content=\"https:\/\/de-de.facebook.com\/pages\/category\/Consulting-Agency\/HOINKA-GmbH-202893899755765\/\" \/>\n<meta property=\"article:modified_time\" content=\"2025-01-09T13:52:32+00:00\" \/>\n<meta property=\"og:image\" content=\"https:\/\/dev.hoinka.com\/wp-content\/uploads\/Dipl.-Ing.-Thomas-Hoinka.jpg\" \/>\n\t<meta property=\"og:image:width\" content=\"1576\" \/>\n\t<meta property=\"og:image:height\" content=\"1576\" \/>\n\t<meta property=\"og:image:type\" content=\"image\/jpeg\" \/>\n<meta name=\"twitter:card\" content=\"summary_large_image\" \/>\n<meta name=\"twitter:label1\" content=\"Est. reading time\" \/>\n\t<meta name=\"twitter:data1\" content=\"1 minute\" \/>\n<script type=\"application\/ld+json\" class=\"yoast-schema-graph\">{\"@context\":\"https:\/\/schema.org\",\"@graph\":[{\"@type\":\"WebPage\",\"@id\":\"https:\/\/dev.hoinka.com\/en\/unternehmen\/team\/dipl-ing-thomas-hoinka\/\",\"url\":\"https:\/\/dev.hoinka.com\/en\/unternehmen\/team\/dipl-ing-thomas-hoinka\/\",\"name\":\"Dipl.-Ing. Thomas Hoinka &#8211; Greenbuilding Expert\",\"isPartOf\":{\"@id\":\"https:\/\/dev.hoinka.com\/en\/#website\"},\"primaryImageOfPage\":{\"@id\":\"https:\/\/dev.hoinka.com\/en\/unternehmen\/team\/dipl-ing-thomas-hoinka\/#primaryimage\"},\"image\":{\"@id\":\"https:\/\/dev.hoinka.com\/en\/unternehmen\/team\/dipl-ing-thomas-hoinka\/#primaryimage\"},\"thumbnailUrl\":\"https:\/\/dev.hoinka.com\/wp-content\/uploads\/Dipl.-Ing.-Thomas-Hoinka.jpg\",\"datePublished\":\"2019-10-07T11:37:29+00:00\",\"dateModified\":\"2025-01-09T13:52:32+00:00\",\"description\":\"Expert for Green Building Certification (DGNB, LEED, BREEAM), Thermal Simulations, Life-Cycle-Assessments(LCA) and Building Ecology Consulting\",\"breadcrumb\":{\"@id\":\"https:\/\/dev.hoinka.com\/en\/unternehmen\/team\/dipl-ing-thomas-hoinka\/#breadcrumb\"},\"inLanguage\":\"en-US\",\"potentialAction\":[{\"@type\":\"ReadAction\",\"target\":[\"https:\/\/dev.hoinka.com\/en\/unternehmen\/team\/dipl-ing-thomas-hoinka\/\"]}]},{\"@type\":\"ImageObject\",\"inLanguage\":\"en-US\",\"@id\":\"https:\/\/dev.hoinka.com\/en\/unternehmen\/team\/dipl-ing-thomas-hoinka\/#primaryimage\",\"url\":\"https:\/\/dev.hoinka.com\/wp-content\/uploads\/Dipl.-Ing.-Thomas-Hoinka.jpg\",\"contentUrl\":\"https:\/\/dev.hoinka.com\/wp-content\/uploads\/Dipl.-Ing.-Thomas-Hoinka.jpg\",\"width\":1576,\"height\":1576,\"caption\":\"Dipl.-Ing. Thomas Hoinka\"},{\"@type\":\"BreadcrumbList\",\"@id\":\"https:\/\/dev.hoinka.com\/en\/unternehmen\/team\/dipl-ing-thomas-hoinka\/#breadcrumb\",\"itemListElement\":[{\"@type\":\"ListItem\",\"position\":1,\"name\":\"Home\",\"item\":\"https:\/\/dev.hoinka.com\/en\/\"},{\"@type\":\"ListItem\",\"position\":2,\"name\":\"Company\",\"item\":\"https:\/\/dev.hoinka.com\/en\/unternehmen\/\"},{\"@type\":\"ListItem\",\"position\":3,\"name\":\"Team\",\"item\":\"https:\/\/dev.hoinka.com\/en\/unternehmen\/team\/\"},{\"@type\":\"ListItem\",\"position\":4,\"name\":\"Dipl.-Ing. Thomas Hoinka\"}]},{\"@type\":\"WebSite\",\"@id\":\"https:\/\/dev.hoinka.com\/en\/#website\",\"url\":\"https:\/\/dev.hoinka.com\/en\/\",\"name\":\"HOINKA\",\"description\":\"Sustainable Planning - Green Building\",\"publisher\":{\"@id\":\"https:\/\/dev.hoinka.com\/en\/#organization\"},\"potentialAction\":[{\"@type\":\"SearchAction\",\"target\":{\"@type\":\"EntryPoint\",\"urlTemplate\":\"https:\/\/dev.hoinka.com\/en\/?s={search_term_string}\"},\"query-input\":{\"@type\":\"PropertyValueSpecification\",\"valueRequired\":true,\"valueName\":\"search_term_string\"}}],\"inLanguage\":\"en-US\"},{\"@type\":\"Organization\",\"@id\":\"https:\/\/dev.hoinka.com\/en\/#organization\",\"name\":\"HOINKA\",\"url\":\"https:\/\/dev.hoinka.com\/en\/\",\"logo\":{\"@type\":\"ImageObject\",\"inLanguage\":\"en-US\",\"@id\":\"https:\/\/dev.hoinka.com\/en\/#\/schema\/logo\/image\/\",\"url\":\"https:\/\/dev.hoinka.com\/wp-content\/uploads\/logo_hoinka_sm.jpg\",\"contentUrl\":\"https:\/\/dev.hoinka.com\/wp-content\/uploads\/logo_hoinka_sm.jpg\",\"width\":450,\"height\":92,\"caption\":\"HOINKA\"},\"image\":{\"@id\":\"https:\/\/dev.hoinka.com\/en\/#\/schema\/logo\/image\/\"},\"sameAs\":[\"https:\/\/de-de.facebook.com\/pages\/category\/Consulting-Agency\/HOINKA-GmbH-202893899755765\/\",\"https:\/\/www.linkedin.com\/company\/hoinka-gmbh?originalSubdomain=de\"]}]}<\/script>\n<!-- \/ Yoast SEO plugin. -->","yoast_head_json":{"title":"Dipl.-Ing. Thomas Hoinka &#8211; Greenbuilding Expert","description":"Expert for Green Building Certification (DGNB, LEED, BREEAM), Thermal Simulations, Life-Cycle-Assessments(LCA) and Building Ecology Consulting","robots":{"index":"noindex","follow":"follow","max-snippet":"max-snippet:-1","max-image-preview":"max-image-preview:large","max-video-preview":"max-video-preview:-1"},"og_locale":"en_US","og_type":"article","og_title":"Dipl.-Ing. Thomas Hoinka &#8211; Greenbuilding Expert","og_description":"Expert for Green Building Certification (DGNB, LEED, BREEAM), Thermal Simulations, Life-Cycle-Assessments(LCA) and Building Ecology Consulting","og_url":"https:\/\/dev.hoinka.com\/en\/unternehmen\/team\/dipl-ing-thomas-hoinka\/","og_site_name":"HOINKA","article_publisher":"https:\/\/de-de.facebook.com\/pages\/category\/Consulting-Agency\/HOINKA-GmbH-202893899755765\/","article_modified_time":"2025-01-09T13:52:32+00:00","og_image":[{"width":1576,"height":1576,"url":"https:\/\/dev.hoinka.com\/wp-content\/uploads\/Dipl.-Ing.-Thomas-Hoinka.jpg","type":"image\/jpeg"}],"twitter_card":"summary_large_image","twitter_misc":{"Est. reading time":"1 minute"},"schema":{"@context":"https:\/\/schema.org","@graph":[{"@type":"WebPage","@id":"https:\/\/dev.hoinka.com\/en\/unternehmen\/team\/dipl-ing-thomas-hoinka\/","url":"https:\/\/dev.hoinka.com\/en\/unternehmen\/team\/dipl-ing-thomas-hoinka\/","name":"Dipl.-Ing. Thomas Hoinka &#8211; Greenbuilding Expert","isPartOf":{"@id":"https:\/\/dev.hoinka.com\/en\/#website"},"primaryImageOfPage":{"@id":"https:\/\/dev.hoinka.com\/en\/unternehmen\/team\/dipl-ing-thomas-hoinka\/#primaryimage"},"image":{"@id":"https:\/\/dev.hoinka.com\/en\/unternehmen\/team\/dipl-ing-thomas-hoinka\/#primaryimage"},"thumbnailUrl":"https:\/\/dev.hoinka.com\/wp-content\/uploads\/Dipl.-Ing.-Thomas-Hoinka.jpg","datePublished":"2019-10-07T11:37:29+00:00","dateModified":"2025-01-09T13:52:32+00:00","description":"Expert for Green Building Certification (DGNB, LEED, BREEAM), Thermal Simulations, Life-Cycle-Assessments(LCA) and Building Ecology Consulting","breadcrumb":{"@id":"https:\/\/dev.hoinka.com\/en\/unternehmen\/team\/dipl-ing-thomas-hoinka\/#breadcrumb"},"inLanguage":"en-US","potentialAction":[{"@type":"ReadAction","target":["https:\/\/dev.hoinka.com\/en\/unternehmen\/team\/dipl-ing-thomas-hoinka\/"]}]},{"@type":"ImageObject","inLanguage":"en-US","@id":"https:\/\/dev.hoinka.com\/en\/unternehmen\/team\/dipl-ing-thomas-hoinka\/#primaryimage","url":"https:\/\/dev.hoinka.com\/wp-content\/uploads\/Dipl.-Ing.-Thomas-Hoinka.jpg","contentUrl":"https:\/\/dev.hoinka.com\/wp-content\/uploads\/Dipl.-Ing.-Thomas-Hoinka.jpg","width":1576,"height":1576,"caption":"Dipl.-Ing. Thomas Hoinka"},{"@type":"BreadcrumbList","@id":"https:\/\/dev.hoinka.com\/en\/unternehmen\/team\/dipl-ing-thomas-hoinka\/#breadcrumb","itemListElement":[{"@type":"ListItem","position":1,"name":"Home","item":"https:\/\/dev.hoinka.com\/en\/"},{"@type":"ListItem","position":2,"name":"Company","item":"https:\/\/dev.hoinka.com\/en\/unternehmen\/"},{"@type":"ListItem","position":3,"name":"Team","item":"https:\/\/dev.hoinka.com\/en\/unternehmen\/team\/"},{"@type":"ListItem","position":4,"name":"Dipl.-Ing. Thomas Hoinka"}]},{"@type":"WebSite","@id":"https:\/\/dev.hoinka.com\/en\/#website","url":"https:\/\/dev.hoinka.com\/en\/","name":"HOINKA","description":"Sustainable Planning - Green Building","publisher":{"@id":"https:\/\/dev.hoinka.com\/en\/#organization"},"potentialAction":[{"@type":"SearchAction","target":{"@type":"EntryPoint","urlTemplate":"https:\/\/dev.hoinka.com\/en\/?s={search_term_string}"},"query-input":{"@type":"PropertyValueSpecification","valueRequired":true,"valueName":"search_term_string"}}],"inLanguage":"en-US"},{"@type":"Organization","@id":"https:\/\/dev.hoinka.com\/en\/#organization","name":"HOINKA","url":"https:\/\/dev.hoinka.com\/en\/","logo":{"@type":"ImageObject","inLanguage":"en-US","@id":"https:\/\/dev.hoinka.com\/en\/#\/schema\/logo\/image\/","url":"https:\/\/dev.hoinka.com\/wp-content\/uploads\/logo_hoinka_sm.jpg","contentUrl":"https:\/\/dev.hoinka.com\/wp-content\/uploads\/logo_hoinka_sm.jpg","width":450,"height":92,"caption":"HOINKA"},"image":{"@id":"https:\/\/dev.hoinka.com\/en\/#\/schema\/logo\/image\/"},"sameAs":["https:\/\/de-de.facebook.com\/pages\/category\/Consulting-Agency\/HOINKA-GmbH-202893899755765\/","https:\/\/www.linkedin.com\/company\/hoinka-gmbh?originalSubdomain=de"]}]}},"_links":{"self":[{"href":"https:\/\/dev.hoinka.com\/en\/wp-json\/wp\/v2\/pages\/3656","targetHints":{"allow":["GET"]}}],"collection":[{"href":"https:\/\/dev.hoinka.com\/en\/wp-json\/wp\/v2\/pages"}],"about":[{"href":"https:\/\/dev.hoinka.com\/en\/wp-json\/wp\/v2\/types\/page"}],"author":[{"embeddable":true,"href":"https:\/\/dev.hoinka.com\/en\/wp-json\/wp\/v2\/users\/1"}],"replies":[{"embeddable":true,"href":"https:\/\/dev.hoinka.com\/en\/wp-json\/wp\/v2\/comments?post=3656"}],"version-history":[{"count":7,"href":"https:\/\/dev.hoinka.com\/en\/wp-json\/wp\/v2\/pages\/3656\/revisions"}],"predecessor-version":[{"id":11782,"href":"https:\/\/dev.hoinka.com\/en\/wp-json\/wp\/v2\/pages\/3656\/revisions\/11782"}],"up":[{"embeddable":true,"href":"https:\/\/dev.hoinka.com\/en\/wp-json\/wp\/v2\/pages\/3665"}],"wp:featuredmedia":[{"embeddable":true,"href":"https:\/\/dev.hoinka.com\/en\/wp-json\/wp\/v2\/media\/10297"}],"wp:attachment":[{"href":"https:\/\/dev.hoinka.com\/en\/wp-json\/wp\/v2\/media?parent=3656"}],"curies":[{"name":"wp","href":"https:\/\/api.w.org\/{rel}","templated":true}]}}