{"id":6897,"date":"2021-01-06T11:45:54","date_gmt":"2021-01-06T10:45:54","guid":{"rendered":"https:\/\/dev.hoinka.com\/leistungen\/oekobilanzierung-und-bauoekologische-beratung\/"},"modified":"2025-04-04T09:38:51","modified_gmt":"2025-04-04T07:38:51","slug":"oekobilanzierung-und-bauoekologische-beratung","status":"publish","type":"page","link":"https:\/\/dev.hoinka.com\/en\/leistungen\/oekobilanzierung-und-bauoekologische-beratung\/","title":{"rendered":"Life cycle assessment &amp; building ecology"},"content":{"rendered":"<h1><strong>Life cycle assessment and building ecology consulting<\/strong><\/h1>\n<p>We support you in the areas of life cycle assessment and building ecology consulting.<\/p>\n\t<a class=\"paoc-popup-click paoc-popup-cust-6250 paoc-popup-button paoc-popup-btn \" href=\"javascript:void(0);\">Contact us<\/a>\r\n\n<hr>\n<h2 style=\"text-align: center;\">Building ecology consulting, life cycle assessment, climate-neutral construction, cradle to cradle &#8211; we are here for you!<\/h2>\n<p>We answer questions, advise and support you in successfully meeting your targets in the areas of building ecology, life cycle assessment, climate-neutral construction and cradle to cradle.<\/p>\n<div class=\"flex-grid top-xs-xxl\"><div class=\"row gutter-md\"><div class=\"flex-entry entry col col-xs-12 col-sm-6 col-md-4 col-lg-4 post-470 page type-page status-publish has-post-thumbnail boxed aspect-ratio has-bg-image has-bg-link has-overlay light-content\" style=\"--aspect-ratio:700\/526;\"><div class=\"aspect-outer\"><div class=\"aspect-inner column middle-xs end-xs text-xs-center\"><picture class=\"bg-picture\"><source srcset=\"https:\/\/dev.hoinka.com\/wp-content\/uploads\/Oekobilanzierung-und-Bauoekologie-Diagramme-520x390.jpg\" media=\"(max-width: 520px)\"><img loading=\"lazy\" decoding=\"async\" width=\"700\" height=\"526\" src=\"https:\/\/dev.hoinka.com\/wp-content\/uploads\/Oekobilanzierung-und-Bauoekologie-Diagramme-700x526.jpg\" class=\"wp-post-image bg-image\" alt=\"Das Tool LCA Online f\u00fcr die Erstellung von \u00d6kobilanzierungen\" srcset=\"https:\/\/dev.hoinka.com\/wp-content\/uploads\/Oekobilanzierung-und-Bauoekologie-Diagramme-700x526.jpg 700w, https:\/\/dev.hoinka.com\/wp-content\/uploads\/Oekobilanzierung-und-Bauoekologie-Diagramme-520x390.jpg 520w\" sizes=\"auto, (max-width: 700px) 100vw, 700px\" \/><\/picture><span class=\"overlay overlay-gradient\"><\/span><header class=\"entry-header\"><h3 class=\"entry-title\"><a href=\"https:\/\/dev.hoinka.com\/en\/leistungen\/oekobilanzierung-und-bauoekologische-beratung\/life-cycle-assessments\/\" title=\"Life-Cycle-Assessments\">Life-Cycle-Assessments<\/a><\/h3><\/header><a class=\"bg-link\" href=\"https:\/\/dev.hoinka.com\/en\/leistungen\/oekobilanzierung-und-bauoekologische-beratung\/life-cycle-assessments\/\"><span class=\"screen-reader-text\" aria-hidden=\"true\">Life-Cycle-Assessments<\/span><\/a><\/div><\/div><\/div><div class=\"flex-entry entry col col-xs-12 col-sm-6 col-md-4 col-lg-4 post-5256 page type-page status-publish has-post-thumbnail boxed aspect-ratio has-bg-image has-bg-link has-overlay light-content\" style=\"--aspect-ratio:700\/526;\"><div class=\"aspect-outer\"><div class=\"aspect-inner column middle-xs end-xs text-xs-center\"><picture class=\"bg-picture\"><source srcset=\"https:\/\/dev.hoinka.com\/wp-content\/uploads\/KlimaneutralBauen-1-520x390.png\" media=\"(max-width: 520px)\"><img loading=\"lazy\" decoding=\"async\" width=\"700\" height=\"526\" src=\"https:\/\/dev.hoinka.com\/wp-content\/uploads\/KlimaneutralBauen-1-700x526.png\" class=\"wp-post-image bg-image\" alt=\"EIn klimaneutrales Geb\u00e4ude mit Au\u00dfenbegr\u00fcnung und Solarpanels\" srcset=\"https:\/\/dev.hoinka.com\/wp-content\/uploads\/KlimaneutralBauen-1-700x526.png 700w, https:\/\/dev.hoinka.com\/wp-content\/uploads\/KlimaneutralBauen-1-520x390.png 520w\" sizes=\"auto, (max-width: 700px) 100vw, 700px\" \/><\/picture><span class=\"overlay overlay-gradient\"><\/span><header class=\"entry-header\"><h3 class=\"entry-title\"><a href=\"https:\/\/dev.hoinka.com\/en\/leistungen\/oekobilanzierung-und-bauoekologische-beratung\/climate-neutral-construction\/\" title=\"Climate-neutral and CO2-neutral Construction\">Climate-neutral and CO2-neutral Construction<\/a><\/h3><\/header><a class=\"bg-link\" href=\"https:\/\/dev.hoinka.com\/en\/leistungen\/oekobilanzierung-und-bauoekologische-beratung\/climate-neutral-construction\/\"><span class=\"screen-reader-text\" aria-hidden=\"true\">Climate-neutral and CO2-neutral Construction<\/span><\/a><\/div><\/div><\/div><div class=\"flex-entry entry col col-xs-12 col-sm-6 col-md-4 col-lg-4 post-445 page type-page status-publish has-post-thumbnail boxed aspect-ratio has-bg-image has-bg-link has-overlay light-content\" style=\"--aspect-ratio:700\/526;\"><div class=\"aspect-outer\"><div class=\"aspect-inner column middle-xs end-xs text-xs-center\"><picture class=\"bg-picture\"><source srcset=\"https:\/\/dev.hoinka.com\/wp-content\/uploads\/Bauprodukte-520x390.png\" media=\"(max-width: 520px)\"><img loading=\"lazy\" decoding=\"async\" width=\"700\" height=\"526\" src=\"https:\/\/dev.hoinka.com\/wp-content\/uploads\/Bauprodukte-700x526.png\" class=\"wp-post-image bg-image\" alt=\"Nachhaltige Bauprodukte\" srcset=\"https:\/\/dev.hoinka.com\/wp-content\/uploads\/Bauprodukte-700x526.png 700w, https:\/\/dev.hoinka.com\/wp-content\/uploads\/Bauprodukte-520x390.png 520w\" sizes=\"auto, (max-width: 700px) 100vw, 700px\" \/><\/picture><span class=\"overlay overlay-gradient\"><\/span><header class=\"entry-header\"><h3 class=\"entry-title\"><a href=\"https:\/\/dev.hoinka.com\/en\/leistungen\/oekobilanzierung-und-bauoekologische-beratung\/product-consulting-leed-dgnb-well\/\" title=\"Product Consulting LEED, DGNB &#038; BREEAM\">Product Consulting LEED, DGNB &#038; BREEAM<\/a><\/h3><\/header><a class=\"bg-link\" href=\"https:\/\/dev.hoinka.com\/en\/leistungen\/oekobilanzierung-und-bauoekologische-beratung\/product-consulting-leed-dgnb-well\/\"><span class=\"screen-reader-text\" aria-hidden=\"true\">Product Consulting LEED, DGNB &#038; BREEAM<\/span><\/a><\/div><\/div><\/div><div class=\"flex-entry entry col col-xs-12 col-sm-6 col-md-4 col-lg-4 post-2565 page type-page status-publish has-post-thumbnail boxed aspect-ratio has-bg-image has-bg-link has-overlay light-content\" style=\"--aspect-ratio:700\/526;\"><div class=\"aspect-outer\"><div class=\"aspect-inner column middle-xs end-xs text-xs-center\"><picture class=\"bg-picture\"><source srcset=\"https:\/\/dev.hoinka.com\/wp-content\/uploads\/cradletocradle2-520x390.png\" media=\"(max-width: 520px)\"><img loading=\"lazy\" decoding=\"async\" width=\"700\" height=\"526\" src=\"https:\/\/dev.hoinka.com\/wp-content\/uploads\/cradletocradle2-700x526.png\" class=\"wp-post-image bg-image\" alt=\"Der Cradle to Cradle Kreislauf eines nachhaltigen Geb\u00e4udes\" srcset=\"https:\/\/dev.hoinka.com\/wp-content\/uploads\/cradletocradle2-700x526.png 700w, https:\/\/dev.hoinka.com\/wp-content\/uploads\/cradletocradle2-520x390.png 520w\" sizes=\"auto, (max-width: 700px) 100vw, 700px\" \/><\/picture><span class=\"overlay overlay-gradient\"><\/span><header class=\"entry-header\"><h3 class=\"entry-title\"><a href=\"https:\/\/dev.hoinka.com\/en\/leistungen\/oekobilanzierung-und-bauoekologische-beratung\/cradle-to-cradle-inspired-buildings\/\" title=\"Cradle to Cradle inspired buildings\">Cradle to Cradle inspired buildings<\/a><\/h3><\/header><a class=\"bg-link\" href=\"https:\/\/dev.hoinka.com\/en\/leistungen\/oekobilanzierung-und-bauoekologische-beratung\/cradle-to-cradle-inspired-buildings\/\"><span class=\"screen-reader-text\" aria-hidden=\"true\">Cradle to Cradle inspired buildings<\/span><\/a><\/div><\/div><\/div><\/div><\/div>\n<hr>\n<p>Life cycle assessments, studies on CO2-neutral construction, the ecological selection of products and the application of cradle-to-cradle principles are increasingly becoming necessary planning components, just like structural design or building physics. The good news is that we take care of all the necessary coordination with the project participants for you and act as part of the planning team. We take decisions off your hands and coordinate all the necessary issues with the individual specialist planners and, of course, with the construction companies during the construction phase.  <\/p>\n<p>Our expertise is reflected in our own development of life cycle assessment software, recognized by LEED, DGNB and BREEAM: <a href=\"https:\/\/lca-online.com\/\">LCA-Online<\/a><\/p>\n<p>Thanks to our excellent networking with product manufacturers and the construction industry via our <a href=\"http:\/\/www.building-material-scout.com\/\">Building Material Scout<\/a> platform and our experience in the use of a wide range of construction products, we can provide you with practical recommendations for product selection. Practical experience instead of theory is worth its weight in gold for everyone involved. <\/p>\n<p class=\"buttonpopup\" style=\"text-align: center;\">\t<a class=\"paoc-popup-click paoc-popup-cust-6712 paoc-popup-button paoc-popup-btn \" href=\"javascript:void(0);\">Request offer<\/a>\r\n\n<p style=\"text-align: center;\">Phone <a class=\"\" href=\"tel:+49%20711%2062049-340\">+49 711 62049-340<\/a><br \/>\nEmail <a class=\"\" href=\"mailto:info@hoinka.com\">info@hoinka.com<\/a><\/p>\n","protected":false},"excerpt":{"rendered":"<h1><strong>Cradle to Cradle<\/strong><\/h1>\n<p>We support you in sustainable construction planning according to the Cradle to Cradle\u00ae concept.<\/p>\n<hr \/>\n<h2 style=\"text-align: center;\">Cradle to Cradle inspired buildings<\/h2>\n<h3>A cycle in the spirit of sustainability<\/h3>\n<p class=\"p1\">The cradle to cradle principle is therefore based on the sustainable &hellip; <a href=\"https:\/\/dev.hoinka.com\/en\/leistungen\/oekobilanzierung-und-bauoekologische-beratung\/cradle-to-cradle-inspired-buildings\/\" class=\"read-more\">Read the rest <\/a><\/p>","protected":false},"author":1,"featured_media":13557,"parent":426,"menu_order":2,"comment_status":"closed","ping_status":"closed","template":"sections.php","meta":{"_acf_changed":false,"_genesis_hide_title":false,"_genesis_hide_breadcrumbs":false,"_genesis_hide_singular_image":false,"_genesis_hide_footer_widgets":false,"_genesis_custom_body_class":"","_genesis_custom_post_class":"","_genesis_layout":"","footnotes":"","_links_to":"","_links_to_target":""},"class_list":{"0":"post-6897","1":"page","2":"type-page","3":"status-publish","4":"has-post-thumbnail","6":"entry"},"acf":[],"yoast_head":"<!-- This site is optimized with the Yoast SEO plugin v27.0 - https:\/\/yoast.com\/product\/yoast-seo-wordpress\/ -->\n<title>Life cycle assessment &amp; building ecology &#8211; HOINKA<\/title>\n<meta name=\"description\" content=\"Building ecology consulting, life cycle assessment, climate-neutral construction, cradle-to-cradle - we support you in meeting your targets!\" \/>\n<meta name=\"robots\" content=\"noindex, follow, max-snippet:-1, max-image-preview:large, max-video-preview:-1\" \/>\n<meta property=\"og:locale\" content=\"en_US\" \/>\n<meta property=\"og:type\" content=\"article\" \/>\n<meta property=\"og:title\" content=\"Life cycle assessment &amp; building ecology &#8211; HOINKA\" \/>\n<meta property=\"og:description\" content=\"Building ecology consulting, life cycle assessment, climate-neutral construction, cradle-to-cradle - we support you in meeting your targets!\" \/>\n<meta property=\"og:url\" content=\"https:\/\/dev.hoinka.com\/en\/leistungen\/oekobilanzierung-und-bauoekologische-beratung\/\" \/>\n<meta property=\"og:site_name\" content=\"HOINKA\" \/>\n<meta property=\"article:publisher\" content=\"https:\/\/de-de.facebook.com\/pages\/category\/Consulting-Agency\/HOINKA-GmbH-202893899755765\/\" \/>\n<meta property=\"article:modified_time\" content=\"2025-04-04T07:38:51+00:00\" \/>\n<meta property=\"og:image\" content=\"https:\/\/dev.hoinka.com\/wp-content\/uploads\/LCA_Online_Mockup.png\" \/>\n\t<meta property=\"og:image:width\" content=\"2250\" \/>\n\t<meta property=\"og:image:height\" content=\"2250\" \/>\n\t<meta property=\"og:image:type\" content=\"image\/png\" \/>\n<meta name=\"twitter:card\" content=\"summary_large_image\" \/>\n<meta name=\"twitter:label1\" content=\"Est. reading time\" \/>\n\t<meta name=\"twitter:data1\" content=\"1 minute\" \/>\n<script type=\"application\/ld+json\" class=\"yoast-schema-graph\">{\"@context\":\"https:\/\/schema.org\",\"@graph\":[{\"@type\":\"WebPage\",\"@id\":\"https:\/\/dev.hoinka.com\/en\/leistungen\/oekobilanzierung-und-bauoekologische-beratung\/\",\"url\":\"https:\/\/dev.hoinka.com\/en\/leistungen\/oekobilanzierung-und-bauoekologische-beratung\/\",\"name\":\"Life cycle assessment &amp; building ecology &#8211; HOINKA\",\"isPartOf\":{\"@id\":\"https:\/\/dev.hoinka.com\/en\/#website\"},\"primaryImageOfPage\":{\"@id\":\"https:\/\/dev.hoinka.com\/en\/leistungen\/oekobilanzierung-und-bauoekologische-beratung\/#primaryimage\"},\"image\":{\"@id\":\"https:\/\/dev.hoinka.com\/en\/leistungen\/oekobilanzierung-und-bauoekologische-beratung\/#primaryimage\"},\"thumbnailUrl\":\"https:\/\/dev.hoinka.com\/wp-content\/uploads\/Oekobilanzierung-und-Bauoekologie-Diagramme.jpg\",\"datePublished\":\"2021-01-06T10:45:54+00:00\",\"dateModified\":\"2025-04-04T07:38:51+00:00\",\"description\":\"Building ecology consulting, life cycle assessment, climate-neutral construction, cradle-to-cradle - we support you in meeting your targets!\",\"breadcrumb\":{\"@id\":\"https:\/\/dev.hoinka.com\/en\/leistungen\/oekobilanzierung-und-bauoekologische-beratung\/#breadcrumb\"},\"inLanguage\":\"en-US\",\"potentialAction\":[{\"@type\":\"ReadAction\",\"target\":[\"https:\/\/dev.hoinka.com\/en\/leistungen\/oekobilanzierung-und-bauoekologische-beratung\/\"]}]},{\"@type\":\"ImageObject\",\"inLanguage\":\"en-US\",\"@id\":\"https:\/\/dev.hoinka.com\/en\/leistungen\/oekobilanzierung-und-bauoekologische-beratung\/#primaryimage\",\"url\":\"https:\/\/dev.hoinka.com\/wp-content\/uploads\/Oekobilanzierung-und-Bauoekologie-Diagramme.jpg\",\"contentUrl\":\"https:\/\/dev.hoinka.com\/wp-content\/uploads\/Oekobilanzierung-und-Bauoekologie-Diagramme.jpg\",\"width\":1277,\"height\":896,\"caption\":\"Das Tool LCA Online f\u00fcr die Erstellung von \u00d6kobilanzierungen\"},{\"@type\":\"BreadcrumbList\",\"@id\":\"https:\/\/dev.hoinka.com\/en\/leistungen\/oekobilanzierung-und-bauoekologische-beratung\/#breadcrumb\",\"itemListElement\":[{\"@type\":\"ListItem\",\"position\":1,\"name\":\"Home\",\"item\":\"https:\/\/dev.hoinka.com\/en\/\"},{\"@type\":\"ListItem\",\"position\":2,\"name\":\"Services\",\"item\":\"https:\/\/dev.hoinka.com\/en\/leistungen\/\"},{\"@type\":\"ListItem\",\"position\":3,\"name\":\"Life cycle assessment &amp; building ecology\"}]},{\"@type\":\"WebSite\",\"@id\":\"https:\/\/dev.hoinka.com\/en\/#website\",\"url\":\"https:\/\/dev.hoinka.com\/en\/\",\"name\":\"HOINKA\",\"description\":\"Sustainable Planning - Green Building\",\"publisher\":{\"@id\":\"https:\/\/dev.hoinka.com\/en\/#organization\"},\"potentialAction\":[{\"@type\":\"SearchAction\",\"target\":{\"@type\":\"EntryPoint\",\"urlTemplate\":\"https:\/\/dev.hoinka.com\/en\/?s={search_term_string}\"},\"query-input\":{\"@type\":\"PropertyValueSpecification\",\"valueRequired\":true,\"valueName\":\"search_term_string\"}}],\"inLanguage\":\"en-US\"},{\"@type\":\"Organization\",\"@id\":\"https:\/\/dev.hoinka.com\/en\/#organization\",\"name\":\"HOINKA\",\"url\":\"https:\/\/dev.hoinka.com\/en\/\",\"logo\":{\"@type\":\"ImageObject\",\"inLanguage\":\"en-US\",\"@id\":\"https:\/\/dev.hoinka.com\/en\/#\/schema\/logo\/image\/\",\"url\":\"https:\/\/dev.hoinka.com\/wp-content\/uploads\/logo_hoinka_sm.jpg\",\"contentUrl\":\"https:\/\/dev.hoinka.com\/wp-content\/uploads\/logo_hoinka_sm.jpg\",\"width\":450,\"height\":92,\"caption\":\"HOINKA\"},\"image\":{\"@id\":\"https:\/\/dev.hoinka.com\/en\/#\/schema\/logo\/image\/\"},\"sameAs\":[\"https:\/\/de-de.facebook.com\/pages\/category\/Consulting-Agency\/HOINKA-GmbH-202893899755765\/\",\"https:\/\/www.linkedin.com\/company\/hoinka-gmbh?originalSubdomain=de\"]}]}<\/script>\n<!-- \/ Yoast SEO plugin. -->","yoast_head_json":{"title":"Life cycle assessment &amp; building ecology &#8211; HOINKA","description":"Building ecology consulting, life cycle assessment, climate-neutral construction, cradle-to-cradle - we support you in meeting your targets!","robots":{"index":"noindex","follow":"follow","max-snippet":"max-snippet:-1","max-image-preview":"max-image-preview:large","max-video-preview":"max-video-preview:-1"},"og_locale":"en_US","og_type":"article","og_title":"Life cycle assessment &amp; building ecology &#8211; HOINKA","og_description":"Building ecology consulting, life cycle assessment, climate-neutral construction, cradle-to-cradle - we support you in meeting your targets!","og_url":"https:\/\/dev.hoinka.com\/en\/leistungen\/oekobilanzierung-und-bauoekologische-beratung\/","og_site_name":"HOINKA","article_publisher":"https:\/\/de-de.facebook.com\/pages\/category\/Consulting-Agency\/HOINKA-GmbH-202893899755765\/","article_modified_time":"2025-04-04T07:38:51+00:00","og_image":[{"width":2250,"height":2250,"url":"https:\/\/dev.hoinka.com\/wp-content\/uploads\/LCA_Online_Mockup.png","type":"image\/png"}],"twitter_card":"summary_large_image","twitter_misc":{"Est. reading time":"1 minute"},"schema":{"@context":"https:\/\/schema.org","@graph":[{"@type":"WebPage","@id":"https:\/\/dev.hoinka.com\/en\/leistungen\/oekobilanzierung-und-bauoekologische-beratung\/","url":"https:\/\/dev.hoinka.com\/en\/leistungen\/oekobilanzierung-und-bauoekologische-beratung\/","name":"Life cycle assessment &amp; building ecology &#8211; HOINKA","isPartOf":{"@id":"https:\/\/dev.hoinka.com\/en\/#website"},"primaryImageOfPage":{"@id":"https:\/\/dev.hoinka.com\/en\/leistungen\/oekobilanzierung-und-bauoekologische-beratung\/#primaryimage"},"image":{"@id":"https:\/\/dev.hoinka.com\/en\/leistungen\/oekobilanzierung-und-bauoekologische-beratung\/#primaryimage"},"thumbnailUrl":"https:\/\/dev.hoinka.com\/wp-content\/uploads\/Oekobilanzierung-und-Bauoekologie-Diagramme.jpg","datePublished":"2021-01-06T10:45:54+00:00","dateModified":"2025-04-04T07:38:51+00:00","description":"Building ecology consulting, life cycle assessment, climate-neutral construction, cradle-to-cradle - we support you in meeting your targets!","breadcrumb":{"@id":"https:\/\/dev.hoinka.com\/en\/leistungen\/oekobilanzierung-und-bauoekologische-beratung\/#breadcrumb"},"inLanguage":"en-US","potentialAction":[{"@type":"ReadAction","target":["https:\/\/dev.hoinka.com\/en\/leistungen\/oekobilanzierung-und-bauoekologische-beratung\/"]}]},{"@type":"ImageObject","inLanguage":"en-US","@id":"https:\/\/dev.hoinka.com\/en\/leistungen\/oekobilanzierung-und-bauoekologische-beratung\/#primaryimage","url":"https:\/\/dev.hoinka.com\/wp-content\/uploads\/Oekobilanzierung-und-Bauoekologie-Diagramme.jpg","contentUrl":"https:\/\/dev.hoinka.com\/wp-content\/uploads\/Oekobilanzierung-und-Bauoekologie-Diagramme.jpg","width":1277,"height":896,"caption":"Das Tool LCA Online f\u00fcr die Erstellung von \u00d6kobilanzierungen"},{"@type":"BreadcrumbList","@id":"https:\/\/dev.hoinka.com\/en\/leistungen\/oekobilanzierung-und-bauoekologische-beratung\/#breadcrumb","itemListElement":[{"@type":"ListItem","position":1,"name":"Home","item":"https:\/\/dev.hoinka.com\/en\/"},{"@type":"ListItem","position":2,"name":"Services","item":"https:\/\/dev.hoinka.com\/en\/leistungen\/"},{"@type":"ListItem","position":3,"name":"Life cycle assessment &amp; building ecology"}]},{"@type":"WebSite","@id":"https:\/\/dev.hoinka.com\/en\/#website","url":"https:\/\/dev.hoinka.com\/en\/","name":"HOINKA","description":"Sustainable Planning - Green Building","publisher":{"@id":"https:\/\/dev.hoinka.com\/en\/#organization"},"potentialAction":[{"@type":"SearchAction","target":{"@type":"EntryPoint","urlTemplate":"https:\/\/dev.hoinka.com\/en\/?s={search_term_string}"},"query-input":{"@type":"PropertyValueSpecification","valueRequired":true,"valueName":"search_term_string"}}],"inLanguage":"en-US"},{"@type":"Organization","@id":"https:\/\/dev.hoinka.com\/en\/#organization","name":"HOINKA","url":"https:\/\/dev.hoinka.com\/en\/","logo":{"@type":"ImageObject","inLanguage":"en-US","@id":"https:\/\/dev.hoinka.com\/en\/#\/schema\/logo\/image\/","url":"https:\/\/dev.hoinka.com\/wp-content\/uploads\/logo_hoinka_sm.jpg","contentUrl":"https:\/\/dev.hoinka.com\/wp-content\/uploads\/logo_hoinka_sm.jpg","width":450,"height":92,"caption":"HOINKA"},"image":{"@id":"https:\/\/dev.hoinka.com\/en\/#\/schema\/logo\/image\/"},"sameAs":["https:\/\/de-de.facebook.com\/pages\/category\/Consulting-Agency\/HOINKA-GmbH-202893899755765\/","https:\/\/www.linkedin.com\/company\/hoinka-gmbh?originalSubdomain=de"]}]}},"_links":{"self":[{"href":"https:\/\/dev.hoinka.com\/en\/wp-json\/wp\/v2\/pages\/6897","targetHints":{"allow":["GET"]}}],"collection":[{"href":"https:\/\/dev.hoinka.com\/en\/wp-json\/wp\/v2\/pages"}],"about":[{"href":"https:\/\/dev.hoinka.com\/en\/wp-json\/wp\/v2\/types\/page"}],"author":[{"embeddable":true,"href":"https:\/\/dev.hoinka.com\/en\/wp-json\/wp\/v2\/users\/1"}],"replies":[{"embeddable":true,"href":"https:\/\/dev.hoinka.com\/en\/wp-json\/wp\/v2\/comments?post=6897"}],"version-history":[{"count":12,"href":"https:\/\/dev.hoinka.com\/en\/wp-json\/wp\/v2\/pages\/6897\/revisions"}],"predecessor-version":[{"id":12968,"href":"https:\/\/dev.hoinka.com\/en\/wp-json\/wp\/v2\/pages\/6897\/revisions\/12968"}],"up":[{"embeddable":true,"href":"https:\/\/dev.hoinka.com\/en\/wp-json\/wp\/v2\/pages\/426"}],"wp:featuredmedia":[{"embeddable":true,"href":"https:\/\/dev.hoinka.com\/en\/wp-json\/wp\/v2\/media\/13557"}],"wp:attachment":[{"href":"https:\/\/dev.hoinka.com\/en\/wp-json\/wp\/v2\/media?parent=6897"}],"curies":[{"name":"wp","href":"https:\/\/api.w.org\/{rel}","templated":true}]}}