{"id":11147,"date":"2024-08-05T08:54:37","date_gmt":"2024-08-05T06:54:37","guid":{"rendered":"https:\/\/dev.hoinka.com\/modele-de-scoring-ecore\/"},"modified":"2024-08-05T08:54:37","modified_gmt":"2024-08-05T06:54:37","slug":"modele-de-scoring-ecore","status":"publish","type":"page","link":"https:\/\/dev.hoinka.com\/fr\/modele-de-scoring-ecore\/","title":{"rendered":"Mod\u00e8le de scoring ECORE"},"content":{"rendered":"<h2>Mod\u00e8le de scoring ECORE<\/h2>\n<p>  Le mod\u00e8le de scoring se compose de trois clusters : gouvernance, consommations et \u00e9missions et contr\u00f4le des actifs.  <img loading=\"lazy\" decoding=\"async\" class=\"alignnone wp-image-10761 size-full\" src=\"https:\/\/dev.hoinka.com\/wp-content\/uploads\/ECORE-Grafik-2.png\" alt=\"Le mod\u00e8le de scoring se compose de trois clusters : gouvernance, consommations et \u00e9missions et contr\u00f4le des actifs.\" width=\"908\" height=\"578\" srcset=\"https:\/\/dev.hoinka.com\/wp-content\/uploads\/ECORE-Grafik-2.png 908w, https:\/\/dev.hoinka.com\/wp-content\/uploads\/ECORE-Grafik-2-300x191.png 300w, https:\/\/dev.hoinka.com\/wp-content\/uploads\/ECORE-Grafik-2-768x489.png 768w\" sizes=\"auto, (max-width: 908px) 100vw, 908px\" \/><\/p>\n<p>Le <b>cluster I &#8211; Gouvernance<\/b> se concentre sur la durabilit\u00e9 et la gestion du portefeuille, la communication et l&rsquo;assurance qualit\u00e9 externe (par ex. justificatifs, notations).<br \/>\nIl s&rsquo;agit d&rsquo;analyser dans quelle mesure des crit\u00e8res d&rsquo;exclusion des locataires ont \u00e9t\u00e9 appliqu\u00e9s ou des baux verts ont \u00e9t\u00e9 conclus. <b>Cluster II &#8211; Consommations et \u00e9missions<\/b> La consommation d&rsquo;\u00e9nergie, les \u00e9missions de CO\u2082, la consommation d&rsquo;eau et la production de d\u00e9chets ainsi que l&rsquo;\u00e9valuation \u00ab\u00a0Paris-Ready\u00a0\u00bb (comparaison avec les donn\u00e9es cibles pour 2030) sont ici au premier plan. <b>Cluster III &#8211; Asset Check<\/b> comprend les th\u00e8mes suivants : Automatisation des b\u00e2timents, Enveloppe et technique, Ressources, Confort des utilisateurs, \u00c9conomie, Situation et Mesures en cours d&rsquo;exploitation.   <\/p>\n<p class=\"buttonpopup\" style=\"text-align: center;\">\t<a class=\"paoc-popup-click paoc-popup-cust-6251 paoc-popup-button paoc-popup-btn \" href=\"javascript:void(0);\">Angebot anfordern<\/a>\r\n\n<p style=\"text-align: center;\">T\u00e9l\u00e9phone <a class=\"\" href=\"tel:%20711%\">+49 711 62049-340<\/a> Email <a class=\"\" href=\"mailto:info@hoinka.com\">info@hoinka.com<\/a><\/p>\n","protected":false},"excerpt":{"rendered":"<p>Mod\u00e8le de scoring ECORE Le mod\u00e8le de scoring se compose de trois clusters : gouvernance, consommations et \u00e9missions et contr\u00f4le des actifs. Le cluster I &#8211; Gouvernance se concentre sur la durabilit\u00e9 et la gestion du portefeuille, la communication et l&rsquo;assurance qualit\u00e9 externe (par ex. justificatifs, notations). Il s&rsquo;agit d&rsquo;analyser dans quelle mesure des crit\u00e8res &hellip;<\/p>\n","protected":false},"author":6,"featured_media":12278,"parent":0,"menu_order":10,"comment_status":"closed","ping_status":"closed","template":"sections.php","meta":{"_acf_changed":false,"_genesis_hide_title":false,"_genesis_hide_breadcrumbs":false,"_genesis_hide_singular_image":false,"_genesis_hide_footer_widgets":false,"_genesis_custom_body_class":"","_genesis_custom_post_class":"","_genesis_layout":"","footnotes":"","_links_to":"","_links_to_target":""},"class_list":{"0":"post-11147","1":"page","2":"type-page","3":"status-publish","4":"has-post-thumbnail","6":"entry"},"acf":[],"yoast_head":"<!-- This site is optimized with the Yoast SEO plugin v27.0 - https:\/\/yoast.com\/product\/yoast-seo-wordpress\/ -->\n<title>Mod\u00e8le de scoring ECORE &#8211; HOINKA<\/title>\n<meta name=\"description\" content=\"Le mod\u00e8le de scoring du GRESB \u00e9value la durabilit\u00e9 \u00e0 travers trois clusters : la gouvernance, les consommations\/\u00e9missions et la v\u00e9rification des actifs.\" \/>\n<meta name=\"robots\" content=\"noindex, follow, max-snippet:-1, max-image-preview:large, max-video-preview:-1\" \/>\n<meta property=\"og:locale\" content=\"fr_FR\" \/>\n<meta property=\"og:type\" content=\"article\" \/>\n<meta property=\"og:title\" content=\"Mod\u00e8le de scoring ECORE &#8211; HOINKA\" \/>\n<meta property=\"og:description\" content=\"Le mod\u00e8le de scoring du GRESB \u00e9value la durabilit\u00e9 \u00e0 travers trois clusters : la gouvernance, les consommations\/\u00e9missions et la v\u00e9rification des actifs.\" \/>\n<meta property=\"og:url\" content=\"https:\/\/dev.hoinka.com\/fr\/modele-de-scoring-ecore\/\" \/>\n<meta property=\"og:site_name\" content=\"HOINKA\" \/>\n<meta property=\"article:publisher\" content=\"https:\/\/de-de.facebook.com\/pages\/category\/Consulting-Agency\/HOINKA-GmbH-202893899755765\/\" \/>\n<meta property=\"og:image\" content=\"https:\/\/dev.hoinka.com\/wp-content\/uploads\/ECORE-Grafik-2.png\" \/>\n<meta name=\"twitter:card\" content=\"summary_large_image\" \/>\n<meta name=\"twitter:label1\" content=\"Dur\u00e9e de lecture estim\u00e9e\" \/>\n\t<meta name=\"twitter:data1\" content=\"1 minute\" \/>\n<script type=\"application\/ld+json\" class=\"yoast-schema-graph\">{\"@context\":\"https:\/\/schema.org\",\"@graph\":[{\"@type\":\"WebPage\",\"@id\":\"https:\/\/dev.hoinka.com\/fr\/modele-de-scoring-ecore\/\",\"url\":\"https:\/\/dev.hoinka.com\/fr\/modele-de-scoring-ecore\/\",\"name\":\"Mod\u00e8le de scoring ECORE &#8211; HOINKA\",\"isPartOf\":{\"@id\":\"https:\/\/dev.hoinka.com\/fr\/#website\"},\"primaryImageOfPage\":{\"@id\":\"https:\/\/dev.hoinka.com\/fr\/modele-de-scoring-ecore\/#primaryimage\"},\"image\":{\"@id\":\"https:\/\/dev.hoinka.com\/fr\/modele-de-scoring-ecore\/#primaryimage\"},\"thumbnailUrl\":\"https:\/\/dev.hoinka.com\/wp-content\/uploads\/Ecore_Logo.png\",\"datePublished\":\"2024-08-05T06:54:37+00:00\",\"description\":\"Le mod\u00e8le de scoring du GRESB \u00e9value la durabilit\u00e9 \u00e0 travers trois clusters : la gouvernance, les consommations\/\u00e9missions et la v\u00e9rification des actifs.\",\"breadcrumb\":{\"@id\":\"https:\/\/dev.hoinka.com\/fr\/modele-de-scoring-ecore\/#breadcrumb\"},\"inLanguage\":\"fr-FR\",\"potentialAction\":[{\"@type\":\"ReadAction\",\"target\":[\"https:\/\/dev.hoinka.com\/fr\/modele-de-scoring-ecore\/\"]}]},{\"@type\":\"ImageObject\",\"inLanguage\":\"fr-FR\",\"@id\":\"https:\/\/dev.hoinka.com\/fr\/modele-de-scoring-ecore\/#primaryimage\",\"url\":\"https:\/\/dev.hoinka.com\/wp-content\/uploads\/Ecore_Logo.png\",\"contentUrl\":\"https:\/\/dev.hoinka.com\/wp-content\/uploads\/Ecore_Logo.png\",\"width\":720,\"height\":720,\"caption\":\"Das Logo von Ecore\"},{\"@type\":\"BreadcrumbList\",\"@id\":\"https:\/\/dev.hoinka.com\/fr\/modele-de-scoring-ecore\/#breadcrumb\",\"itemListElement\":[{\"@type\":\"ListItem\",\"position\":1,\"name\":\"Home\",\"item\":\"https:\/\/dev.hoinka.com\/fr\/\"},{\"@type\":\"ListItem\",\"position\":2,\"name\":\"Mod\u00e8le de scoring ECORE\"}]},{\"@type\":\"WebSite\",\"@id\":\"https:\/\/dev.hoinka.com\/fr\/#website\",\"url\":\"https:\/\/dev.hoinka.com\/fr\/\",\"name\":\"HOINKA\",\"description\":\"Geb\u00e4ude nachhaltig Planen - Green Building\",\"publisher\":{\"@id\":\"https:\/\/dev.hoinka.com\/fr\/#organization\"},\"potentialAction\":[{\"@type\":\"SearchAction\",\"target\":{\"@type\":\"EntryPoint\",\"urlTemplate\":\"https:\/\/dev.hoinka.com\/fr\/?s={search_term_string}\"},\"query-input\":{\"@type\":\"PropertyValueSpecification\",\"valueRequired\":true,\"valueName\":\"search_term_string\"}}],\"inLanguage\":\"fr-FR\"},{\"@type\":\"Organization\",\"@id\":\"https:\/\/dev.hoinka.com\/fr\/#organization\",\"name\":\"HOINKA\",\"url\":\"https:\/\/dev.hoinka.com\/fr\/\",\"logo\":{\"@type\":\"ImageObject\",\"inLanguage\":\"fr-FR\",\"@id\":\"https:\/\/dev.hoinka.com\/fr\/#\/schema\/logo\/image\/\",\"url\":\"https:\/\/dev.hoinka.com\/wp-content\/uploads\/logo_hoinka_sm.jpg\",\"contentUrl\":\"https:\/\/dev.hoinka.com\/wp-content\/uploads\/logo_hoinka_sm.jpg\",\"width\":450,\"height\":92,\"caption\":\"HOINKA\"},\"image\":{\"@id\":\"https:\/\/dev.hoinka.com\/fr\/#\/schema\/logo\/image\/\"},\"sameAs\":[\"https:\/\/de-de.facebook.com\/pages\/category\/Consulting-Agency\/HOINKA-GmbH-202893899755765\/\",\"https:\/\/www.linkedin.com\/company\/hoinka-gmbh?originalSubdomain=de\"]}]}<\/script>\n<!-- \/ Yoast SEO plugin. -->","yoast_head_json":{"title":"Mod\u00e8le de scoring ECORE &#8211; HOINKA","description":"Le mod\u00e8le de scoring du GRESB \u00e9value la durabilit\u00e9 \u00e0 travers trois clusters : la gouvernance, les consommations\/\u00e9missions et la v\u00e9rification des actifs.","robots":{"index":"noindex","follow":"follow","max-snippet":"max-snippet:-1","max-image-preview":"max-image-preview:large","max-video-preview":"max-video-preview:-1"},"og_locale":"fr_FR","og_type":"article","og_title":"Mod\u00e8le de scoring ECORE &#8211; HOINKA","og_description":"Le mod\u00e8le de scoring du GRESB \u00e9value la durabilit\u00e9 \u00e0 travers trois clusters : la gouvernance, les consommations\/\u00e9missions et la v\u00e9rification des actifs.","og_url":"https:\/\/dev.hoinka.com\/fr\/modele-de-scoring-ecore\/","og_site_name":"HOINKA","article_publisher":"https:\/\/de-de.facebook.com\/pages\/category\/Consulting-Agency\/HOINKA-GmbH-202893899755765\/","og_image":[{"url":"https:\/\/dev.hoinka.com\/wp-content\/uploads\/ECORE-Grafik-2.png","type":"","width":"","height":""}],"twitter_card":"summary_large_image","twitter_misc":{"Dur\u00e9e de lecture estim\u00e9e":"1 minute"},"schema":{"@context":"https:\/\/schema.org","@graph":[{"@type":"WebPage","@id":"https:\/\/dev.hoinka.com\/fr\/modele-de-scoring-ecore\/","url":"https:\/\/dev.hoinka.com\/fr\/modele-de-scoring-ecore\/","name":"Mod\u00e8le de scoring ECORE &#8211; HOINKA","isPartOf":{"@id":"https:\/\/dev.hoinka.com\/fr\/#website"},"primaryImageOfPage":{"@id":"https:\/\/dev.hoinka.com\/fr\/modele-de-scoring-ecore\/#primaryimage"},"image":{"@id":"https:\/\/dev.hoinka.com\/fr\/modele-de-scoring-ecore\/#primaryimage"},"thumbnailUrl":"https:\/\/dev.hoinka.com\/wp-content\/uploads\/Ecore_Logo.png","datePublished":"2024-08-05T06:54:37+00:00","description":"Le mod\u00e8le de scoring du GRESB \u00e9value la durabilit\u00e9 \u00e0 travers trois clusters : la gouvernance, les consommations\/\u00e9missions et la v\u00e9rification des actifs.","breadcrumb":{"@id":"https:\/\/dev.hoinka.com\/fr\/modele-de-scoring-ecore\/#breadcrumb"},"inLanguage":"fr-FR","potentialAction":[{"@type":"ReadAction","target":["https:\/\/dev.hoinka.com\/fr\/modele-de-scoring-ecore\/"]}]},{"@type":"ImageObject","inLanguage":"fr-FR","@id":"https:\/\/dev.hoinka.com\/fr\/modele-de-scoring-ecore\/#primaryimage","url":"https:\/\/dev.hoinka.com\/wp-content\/uploads\/Ecore_Logo.png","contentUrl":"https:\/\/dev.hoinka.com\/wp-content\/uploads\/Ecore_Logo.png","width":720,"height":720,"caption":"Das Logo von Ecore"},{"@type":"BreadcrumbList","@id":"https:\/\/dev.hoinka.com\/fr\/modele-de-scoring-ecore\/#breadcrumb","itemListElement":[{"@type":"ListItem","position":1,"name":"Home","item":"https:\/\/dev.hoinka.com\/fr\/"},{"@type":"ListItem","position":2,"name":"Mod\u00e8le de scoring ECORE"}]},{"@type":"WebSite","@id":"https:\/\/dev.hoinka.com\/fr\/#website","url":"https:\/\/dev.hoinka.com\/fr\/","name":"HOINKA","description":"Geb\u00e4ude nachhaltig Planen - Green Building","publisher":{"@id":"https:\/\/dev.hoinka.com\/fr\/#organization"},"potentialAction":[{"@type":"SearchAction","target":{"@type":"EntryPoint","urlTemplate":"https:\/\/dev.hoinka.com\/fr\/?s={search_term_string}"},"query-input":{"@type":"PropertyValueSpecification","valueRequired":true,"valueName":"search_term_string"}}],"inLanguage":"fr-FR"},{"@type":"Organization","@id":"https:\/\/dev.hoinka.com\/fr\/#organization","name":"HOINKA","url":"https:\/\/dev.hoinka.com\/fr\/","logo":{"@type":"ImageObject","inLanguage":"fr-FR","@id":"https:\/\/dev.hoinka.com\/fr\/#\/schema\/logo\/image\/","url":"https:\/\/dev.hoinka.com\/wp-content\/uploads\/logo_hoinka_sm.jpg","contentUrl":"https:\/\/dev.hoinka.com\/wp-content\/uploads\/logo_hoinka_sm.jpg","width":450,"height":92,"caption":"HOINKA"},"image":{"@id":"https:\/\/dev.hoinka.com\/fr\/#\/schema\/logo\/image\/"},"sameAs":["https:\/\/de-de.facebook.com\/pages\/category\/Consulting-Agency\/HOINKA-GmbH-202893899755765\/","https:\/\/www.linkedin.com\/company\/hoinka-gmbh?originalSubdomain=de"]}]}},"_links":{"self":[{"href":"https:\/\/dev.hoinka.com\/fr\/wp-json\/wp\/v2\/pages\/11147","targetHints":{"allow":["GET"]}}],"collection":[{"href":"https:\/\/dev.hoinka.com\/fr\/wp-json\/wp\/v2\/pages"}],"about":[{"href":"https:\/\/dev.hoinka.com\/fr\/wp-json\/wp\/v2\/types\/page"}],"author":[{"embeddable":true,"href":"https:\/\/dev.hoinka.com\/fr\/wp-json\/wp\/v2\/users\/6"}],"replies":[{"embeddable":true,"href":"https:\/\/dev.hoinka.com\/fr\/wp-json\/wp\/v2\/comments?post=11147"}],"version-history":[{"count":0,"href":"https:\/\/dev.hoinka.com\/fr\/wp-json\/wp\/v2\/pages\/11147\/revisions"}],"wp:featuredmedia":[{"embeddable":true,"href":"https:\/\/dev.hoinka.com\/fr\/wp-json\/wp\/v2\/media\/12278"}],"wp:attachment":[{"href":"https:\/\/dev.hoinka.com\/fr\/wp-json\/wp\/v2\/media?parent=11147"}],"curies":[{"name":"wp","href":"https:\/\/api.w.org\/{rel}","templated":true}]}}