{"id":11148,"date":"2024-08-05T08:55:25","date_gmt":"2024-08-05T06:55:25","guid":{"rendered":"https:\/\/dev.hoinka.com\/outil-ecore\/"},"modified":"2024-10-31T13:39:00","modified_gmt":"2024-10-31T12:39:00","slug":"outil-ecore","status":"publish","type":"page","link":"https:\/\/dev.hoinka.com\/fr\/outil-ecore\/","title":{"rendered":"Outil ECORE"},"content":{"rendered":"<h2>ECORE &#8211; Cercle ESG de l&rsquo;immobilier<\/h2>\n<p><img loading=\"lazy\" decoding=\"async\" class=\"aligncenter wp-image-10758 size-full\" src=\"https:\/\/dev.hoinka.com\/wp-content\/uploads\/ECORE-Logo.png\" alt=\"Logo ECORE \" width=\"862\" height=\"236\" srcset=\"https:\/\/dev.hoinka.com\/wp-content\/uploads\/ECORE-Logo.png 862w, https:\/\/dev.hoinka.com\/wp-content\/uploads\/ECORE-Logo-300x82.png 300w, https:\/\/dev.hoinka.com\/wp-content\/uploads\/ECORE-Logo-768x210.png 768w\" sizes=\"auto, (max-width: 862px) 100vw, 862px\" \/><\/p>\n<p>Avec le scoring ECORE, une norme a \u00e9t\u00e9 cr\u00e9\u00e9e qui combine toutes les r\u00e9glementations, lois, ordonnances et crit\u00e8res ESG (y compris les crit\u00e8res taxonomiques requis du Plan d\u2019action pour un financement durable de l\u2019UE et les objectifs de l\u2019Accord de Paris sur le changement climatique) ainsi que les certifications d\u00e9j\u00e0 obtenues (DGNB, BREEAM et LEED). Le scoring se comporte de mani\u00e8re dynamique et est toujours adapt\u00e9 aux derni\u00e8res exigences de l\u2019UE. Le Cercle ESG de l&rsquo;immobilier permet non seulement aux fonds, mais aussi aux investisseurs, aux d\u00e9tenteurs de portefeuille et aux d\u00e9veloppeurs de projets de d\u00e9terminer l\u2019\u00e9tat ESG de leurs biens et de les benchmarker (ou de les comparer) \u00e0 des niveaux choisis individuellement. La valeur du score est saisie \u00e0 l\u2019aide d\u2019une \u00e9chelle de points allant de z\u00e9ro \u00e0 100. La comparabilit\u00e9 au sein du groupe de pairs est un \u00e9l\u00e9ment essentiel de ce scoring ESG. ECORE est applicable \u00e0 toutes les classes d\u2019actifs en Allemagne et en Europe. Le mod\u00e8le de scoring ECORE se compose de trois clusters : Gouvernance, Consommations et \u00e9missions et Asset Check.<\/p>\n<p><img loading=\"lazy\" decoding=\"async\" class=\"alignnone wp-image-10764 size-full\" src=\"https:\/\/dev.hoinka.com\/wp-content\/uploads\/ECORE-Grafik.png\" alt=\"Le mod\u00e8le de scoring ECORE se compose de trois clusters : gouvernance, consommations et \u00e9missions et v\u00e9rification des actifs.\" width=\"908\" height=\"454\" srcset=\"https:\/\/dev.hoinka.com\/wp-content\/uploads\/ECORE-Grafik.png 908w, https:\/\/dev.hoinka.com\/wp-content\/uploads\/ECORE-Grafik-300x150.png 300w, https:\/\/dev.hoinka.com\/wp-content\/uploads\/ECORE-Grafik-768x384.png 768w\" sizes=\"auto, (max-width: 908px) 100vw, 908px\" \/> Nous nous ferons un plaisir de vous conseiller personnellement pour toute autre question relative \u00e0 la construction durable.<\/p>\n<p class=\"buttonpopup\" style=\"text-align: center;\">\t<a class=\"paoc-popup-click paoc-popup-cust-6251 paoc-popup-button paoc-popup-btn \" href=\"javascript:void(0);\">Angebot anfordern<\/a>\r\n\n<p style=\"text-align: center;\">T\u00e9l\u00e9phone <a class=\"\" href=\"tel:%20711%\">+49 711 62049-340<\/a> Email <a class=\"\" href=\"mailto:info@hoinka.com\">info@hoinka.com<\/a><\/p>\n","protected":false},"excerpt":{"rendered":"<p>ECORE &#8211; Cercle ESG de l&rsquo;immobilier Avec le scoring ECORE, une norme a \u00e9t\u00e9 cr\u00e9\u00e9e qui combine toutes les r\u00e9glementations, lois, ordonnances et crit\u00e8res ESG (y compris les crit\u00e8res taxonomiques requis du Plan d\u2019action pour un financement durable de l\u2019UE et les objectifs de l\u2019Accord de Paris sur le changement climatique) ainsi que les certifications &hellip;<\/p>\n","protected":false},"author":6,"featured_media":12278,"parent":0,"menu_order":10,"comment_status":"closed","ping_status":"closed","template":"sections.php","meta":{"_acf_changed":false,"_genesis_hide_title":false,"_genesis_hide_breadcrumbs":false,"_genesis_hide_singular_image":false,"_genesis_hide_footer_widgets":false,"_genesis_custom_body_class":"","_genesis_custom_post_class":"","_genesis_layout":"","footnotes":"","_links_to":"","_links_to_target":""},"class_list":{"0":"post-11148","1":"page","2":"type-page","3":"status-publish","4":"has-post-thumbnail","6":"entry"},"acf":[],"yoast_head":"<!-- This site is optimized with the Yoast SEO plugin v27.0 - https:\/\/yoast.com\/product\/yoast-seo-wordpress\/ -->\n<title>Outil ECORE &#8211; HOINKA<\/title>\n<meta name=\"description\" content=\"ECORE \u00e9value les biens immobiliers selon des crit\u00e8res ESG dans trois clusters. Contactez-nous pour obtenir des conseils personnalis\u00e9s.\" \/>\n<meta name=\"robots\" content=\"noindex, follow, max-snippet:-1, max-image-preview:large, max-video-preview:-1\" \/>\n<meta property=\"og:locale\" content=\"fr_FR\" \/>\n<meta property=\"og:type\" content=\"article\" \/>\n<meta property=\"og:title\" content=\"Outil ECORE &#8211; HOINKA\" \/>\n<meta property=\"og:description\" content=\"ECORE \u00e9value les biens immobiliers selon des crit\u00e8res ESG dans trois clusters. Contactez-nous pour obtenir des conseils personnalis\u00e9s.\" \/>\n<meta property=\"og:url\" content=\"https:\/\/dev.hoinka.com\/fr\/outil-ecore\/\" \/>\n<meta property=\"og:site_name\" content=\"HOINKA\" \/>\n<meta property=\"article:publisher\" content=\"https:\/\/de-de.facebook.com\/pages\/category\/Consulting-Agency\/HOINKA-GmbH-202893899755765\/\" \/>\n<meta property=\"article:modified_time\" content=\"2024-10-31T12:39:00+00:00\" \/>\n<meta property=\"og:image\" content=\"https:\/\/dev.hoinka.com\/wp-content\/uploads\/ESG-Cropped-e1729672843314.png\" \/>\n\t<meta property=\"og:image:width\" content=\"1080\" \/>\n\t<meta property=\"og:image:height\" content=\"1080\" \/>\n\t<meta property=\"og:image:type\" content=\"image\/png\" \/>\n<meta name=\"twitter:card\" content=\"summary_large_image\" \/>\n<meta name=\"twitter:label1\" content=\"Dur\u00e9e de lecture estim\u00e9e\" \/>\n\t<meta name=\"twitter:data1\" content=\"1 minute\" \/>\n<script type=\"application\/ld+json\" class=\"yoast-schema-graph\">{\"@context\":\"https:\/\/schema.org\",\"@graph\":[{\"@type\":\"WebPage\",\"@id\":\"https:\/\/dev.hoinka.com\/fr\/outil-ecore\/\",\"url\":\"https:\/\/dev.hoinka.com\/fr\/outil-ecore\/\",\"name\":\"Outil ECORE &#8211; HOINKA\",\"isPartOf\":{\"@id\":\"https:\/\/dev.hoinka.com\/fr\/#website\"},\"primaryImageOfPage\":{\"@id\":\"https:\/\/dev.hoinka.com\/fr\/outil-ecore\/#primaryimage\"},\"image\":{\"@id\":\"https:\/\/dev.hoinka.com\/fr\/outil-ecore\/#primaryimage\"},\"thumbnailUrl\":\"https:\/\/dev.hoinka.com\/wp-content\/uploads\/Ecore_Logo.png\",\"datePublished\":\"2024-08-05T06:55:25+00:00\",\"dateModified\":\"2024-10-31T12:39:00+00:00\",\"description\":\"ECORE \u00e9value les biens immobiliers selon des crit\u00e8res ESG dans trois clusters. Contactez-nous pour obtenir des conseils personnalis\u00e9s.\",\"breadcrumb\":{\"@id\":\"https:\/\/dev.hoinka.com\/fr\/outil-ecore\/#breadcrumb\"},\"inLanguage\":\"fr-FR\",\"potentialAction\":[{\"@type\":\"ReadAction\",\"target\":[\"https:\/\/dev.hoinka.com\/fr\/outil-ecore\/\"]}]},{\"@type\":\"ImageObject\",\"inLanguage\":\"fr-FR\",\"@id\":\"https:\/\/dev.hoinka.com\/fr\/outil-ecore\/#primaryimage\",\"url\":\"https:\/\/dev.hoinka.com\/wp-content\/uploads\/Ecore_Logo.png\",\"contentUrl\":\"https:\/\/dev.hoinka.com\/wp-content\/uploads\/Ecore_Logo.png\",\"width\":720,\"height\":720,\"caption\":\"Das Logo von Ecore\"},{\"@type\":\"BreadcrumbList\",\"@id\":\"https:\/\/dev.hoinka.com\/fr\/outil-ecore\/#breadcrumb\",\"itemListElement\":[{\"@type\":\"ListItem\",\"position\":1,\"name\":\"Home\",\"item\":\"https:\/\/dev.hoinka.com\/fr\/\"},{\"@type\":\"ListItem\",\"position\":2,\"name\":\"Outil ECORE\"}]},{\"@type\":\"WebSite\",\"@id\":\"https:\/\/dev.hoinka.com\/fr\/#website\",\"url\":\"https:\/\/dev.hoinka.com\/fr\/\",\"name\":\"HOINKA\",\"description\":\"Geb\u00e4ude nachhaltig Planen - Green Building\",\"publisher\":{\"@id\":\"https:\/\/dev.hoinka.com\/fr\/#organization\"},\"potentialAction\":[{\"@type\":\"SearchAction\",\"target\":{\"@type\":\"EntryPoint\",\"urlTemplate\":\"https:\/\/dev.hoinka.com\/fr\/?s={search_term_string}\"},\"query-input\":{\"@type\":\"PropertyValueSpecification\",\"valueRequired\":true,\"valueName\":\"search_term_string\"}}],\"inLanguage\":\"fr-FR\"},{\"@type\":\"Organization\",\"@id\":\"https:\/\/dev.hoinka.com\/fr\/#organization\",\"name\":\"HOINKA\",\"url\":\"https:\/\/dev.hoinka.com\/fr\/\",\"logo\":{\"@type\":\"ImageObject\",\"inLanguage\":\"fr-FR\",\"@id\":\"https:\/\/dev.hoinka.com\/fr\/#\/schema\/logo\/image\/\",\"url\":\"https:\/\/dev.hoinka.com\/wp-content\/uploads\/logo_hoinka_sm.jpg\",\"contentUrl\":\"https:\/\/dev.hoinka.com\/wp-content\/uploads\/logo_hoinka_sm.jpg\",\"width\":450,\"height\":92,\"caption\":\"HOINKA\"},\"image\":{\"@id\":\"https:\/\/dev.hoinka.com\/fr\/#\/schema\/logo\/image\/\"},\"sameAs\":[\"https:\/\/de-de.facebook.com\/pages\/category\/Consulting-Agency\/HOINKA-GmbH-202893899755765\/\",\"https:\/\/www.linkedin.com\/company\/hoinka-gmbh?originalSubdomain=de\"]}]}<\/script>\n<!-- \/ Yoast SEO plugin. -->","yoast_head_json":{"title":"Outil ECORE &#8211; HOINKA","description":"ECORE \u00e9value les biens immobiliers selon des crit\u00e8res ESG dans trois clusters. Contactez-nous pour obtenir des conseils personnalis\u00e9s.","robots":{"index":"noindex","follow":"follow","max-snippet":"max-snippet:-1","max-image-preview":"max-image-preview:large","max-video-preview":"max-video-preview:-1"},"og_locale":"fr_FR","og_type":"article","og_title":"Outil ECORE &#8211; HOINKA","og_description":"ECORE \u00e9value les biens immobiliers selon des crit\u00e8res ESG dans trois clusters. Contactez-nous pour obtenir des conseils personnalis\u00e9s.","og_url":"https:\/\/dev.hoinka.com\/fr\/outil-ecore\/","og_site_name":"HOINKA","article_publisher":"https:\/\/de-de.facebook.com\/pages\/category\/Consulting-Agency\/HOINKA-GmbH-202893899755765\/","article_modified_time":"2024-10-31T12:39:00+00:00","og_image":[{"width":1080,"height":1080,"url":"https:\/\/dev.hoinka.com\/wp-content\/uploads\/ESG-Cropped-e1729672843314.png","type":"image\/png"}],"twitter_card":"summary_large_image","twitter_misc":{"Dur\u00e9e de lecture estim\u00e9e":"1 minute"},"schema":{"@context":"https:\/\/schema.org","@graph":[{"@type":"WebPage","@id":"https:\/\/dev.hoinka.com\/fr\/outil-ecore\/","url":"https:\/\/dev.hoinka.com\/fr\/outil-ecore\/","name":"Outil ECORE &#8211; HOINKA","isPartOf":{"@id":"https:\/\/dev.hoinka.com\/fr\/#website"},"primaryImageOfPage":{"@id":"https:\/\/dev.hoinka.com\/fr\/outil-ecore\/#primaryimage"},"image":{"@id":"https:\/\/dev.hoinka.com\/fr\/outil-ecore\/#primaryimage"},"thumbnailUrl":"https:\/\/dev.hoinka.com\/wp-content\/uploads\/Ecore_Logo.png","datePublished":"2024-08-05T06:55:25+00:00","dateModified":"2024-10-31T12:39:00+00:00","description":"ECORE \u00e9value les biens immobiliers selon des crit\u00e8res ESG dans trois clusters. Contactez-nous pour obtenir des conseils personnalis\u00e9s.","breadcrumb":{"@id":"https:\/\/dev.hoinka.com\/fr\/outil-ecore\/#breadcrumb"},"inLanguage":"fr-FR","potentialAction":[{"@type":"ReadAction","target":["https:\/\/dev.hoinka.com\/fr\/outil-ecore\/"]}]},{"@type":"ImageObject","inLanguage":"fr-FR","@id":"https:\/\/dev.hoinka.com\/fr\/outil-ecore\/#primaryimage","url":"https:\/\/dev.hoinka.com\/wp-content\/uploads\/Ecore_Logo.png","contentUrl":"https:\/\/dev.hoinka.com\/wp-content\/uploads\/Ecore_Logo.png","width":720,"height":720,"caption":"Das Logo von Ecore"},{"@type":"BreadcrumbList","@id":"https:\/\/dev.hoinka.com\/fr\/outil-ecore\/#breadcrumb","itemListElement":[{"@type":"ListItem","position":1,"name":"Home","item":"https:\/\/dev.hoinka.com\/fr\/"},{"@type":"ListItem","position":2,"name":"Outil ECORE"}]},{"@type":"WebSite","@id":"https:\/\/dev.hoinka.com\/fr\/#website","url":"https:\/\/dev.hoinka.com\/fr\/","name":"HOINKA","description":"Geb\u00e4ude nachhaltig Planen - Green Building","publisher":{"@id":"https:\/\/dev.hoinka.com\/fr\/#organization"},"potentialAction":[{"@type":"SearchAction","target":{"@type":"EntryPoint","urlTemplate":"https:\/\/dev.hoinka.com\/fr\/?s={search_term_string}"},"query-input":{"@type":"PropertyValueSpecification","valueRequired":true,"valueName":"search_term_string"}}],"inLanguage":"fr-FR"},{"@type":"Organization","@id":"https:\/\/dev.hoinka.com\/fr\/#organization","name":"HOINKA","url":"https:\/\/dev.hoinka.com\/fr\/","logo":{"@type":"ImageObject","inLanguage":"fr-FR","@id":"https:\/\/dev.hoinka.com\/fr\/#\/schema\/logo\/image\/","url":"https:\/\/dev.hoinka.com\/wp-content\/uploads\/logo_hoinka_sm.jpg","contentUrl":"https:\/\/dev.hoinka.com\/wp-content\/uploads\/logo_hoinka_sm.jpg","width":450,"height":92,"caption":"HOINKA"},"image":{"@id":"https:\/\/dev.hoinka.com\/fr\/#\/schema\/logo\/image\/"},"sameAs":["https:\/\/de-de.facebook.com\/pages\/category\/Consulting-Agency\/HOINKA-GmbH-202893899755765\/","https:\/\/www.linkedin.com\/company\/hoinka-gmbh?originalSubdomain=de"]}]}},"_links":{"self":[{"href":"https:\/\/dev.hoinka.com\/fr\/wp-json\/wp\/v2\/pages\/11148","targetHints":{"allow":["GET"]}}],"collection":[{"href":"https:\/\/dev.hoinka.com\/fr\/wp-json\/wp\/v2\/pages"}],"about":[{"href":"https:\/\/dev.hoinka.com\/fr\/wp-json\/wp\/v2\/types\/page"}],"author":[{"embeddable":true,"href":"https:\/\/dev.hoinka.com\/fr\/wp-json\/wp\/v2\/users\/6"}],"replies":[{"embeddable":true,"href":"https:\/\/dev.hoinka.com\/fr\/wp-json\/wp\/v2\/comments?post=11148"}],"version-history":[{"count":2,"href":"https:\/\/dev.hoinka.com\/fr\/wp-json\/wp\/v2\/pages\/11148\/revisions"}],"predecessor-version":[{"id":11699,"href":"https:\/\/dev.hoinka.com\/fr\/wp-json\/wp\/v2\/pages\/11148\/revisions\/11699"}],"wp:featuredmedia":[{"embeddable":true,"href":"https:\/\/dev.hoinka.com\/fr\/wp-json\/wp\/v2\/media\/12278"}],"wp:attachment":[{"href":"https:\/\/dev.hoinka.com\/fr\/wp-json\/wp\/v2\/media?parent=11148"}],"curies":[{"name":"wp","href":"https:\/\/api.w.org\/{rel}","templated":true}]}}